{"id":210820,"date":"2019-12-16T09:07:40","date_gmt":"2019-12-16T09:07:40","guid":{"rendered":"https:\/\/www.tpa-legal.pl\/?page_id=210820"},"modified":"2020-02-18T11:56:16","modified_gmt":"2020-02-18T11:56:16","slug":"o-kancelarii","status":"publish","type":"page","link":"https:\/\/www.tpa-legal.pl\/index.php\/o-kancelarii\/","title":{"rendered":"O Nas"},"content":{"rendered":"<p>[et_pb_section fb_built=&#8221;1&#8243; custom_padding_last_edited=&#8221;on|phone&#8221; _builder_version=&#8221;3.26.5&#8243; background_image=&#8221;https:\/\/www.tpa-legal.pl\/wp-content\/uploads\/2019\/12\/podstrona-O-NAS.jpg&#8221; custom_padding=&#8221;0px||750px||false|false&#8221; custom_padding_phone=&#8221;||500px||false|false&#8221;][\/et_pb_section][et_pb_section fb_built=&#8221;1&#8243; _builder_version=&#8221;3.26.5&#8243; background_color=&#8221;rgba(119,119,119,0.27)&#8221; custom_padding=&#8221;0px||0px|||&#8221;][et_pb_row custom_padding=&#8221;0px||0px|||&#8221; _builder_version=&#8221;3.26.5&#8243;][et_pb_column type=&#8221;4_4&#8243; _builder_version=&#8221;3.26.5&#8243;][et_pb_text _builder_version=&#8221;3.26.5&#8243; text_font=&#8221;Playfair Display||||||||&#8221; text_text_color=&#8221;#2d3d31&#8243; text_font_size=&#8221;40px&#8221; text_line_height=&#8221;1.4em&#8221; custom_margin=&#8221;30px||0px||false|false&#8221; custom_padding=&#8221;0px||0px||false|false&#8221; transform_scale__hover=&#8221;100%|100%&#8221;]<\/p>\n<p><span style=\"color: #2d3d31;\">Kancelaria<\/span><\/p>\n<p>[\/et_pb_text][et_pb_divider color=&#8221;#D2AB5F &#8221; divider_position=&#8221;center&#8221; divider_weight=&#8221;3px&#8221; _builder_version=&#8221;3.26.5&#8243; max_width=&#8221;70px&#8221; module_alignment=&#8221;center&#8221; custom_margin=&#8221;5px||||false|false&#8221; animation_style=&#8221;slide&#8221; animation_direction=&#8221;top&#8221; animation_intensity_slide=&#8221;10%&#8221; animation_starting_opacity=&#8221;100%&#8221;][\/et_pb_divider][et_pb_text _builder_version=&#8221;3.26.5&#8243; text_text_align=&#8221;justify&#8221; text_text_color=&#8221;#2d3d31&#8243; text_font_size=&#8221;16px&#8221; text_line_height=&#8221;1.8em&#8221; background_layout=&#8221;dark&#8221; max_width=&#8221;100%&#8221; custom_margin=&#8221;-13px||21px||false|false&#8221; custom_padding=&#8221;3px|30px|0px|30px|false|true&#8221; animation_direction=&#8221;left&#8221; hover_enabled=&#8221;0&#8243; text_line_height_last_edited=&#8221;on|phone&#8221; transform_scale__hover=&#8221;100%|100%&#8221; custom_padding_last_edited=&#8221;on|desktop&#8221; custom_padding_phone=&#8221;|0px||0px|false|true&#8221;]<\/p>\n<p><span style=\"font-weight: 400;\"><\/span><\/p>\n<p><span style=\"font-weight: 400;\"><\/span><\/p>\n<p><span style=\"font-weight: 400;\"><\/span><\/p>\n<p><span style=\"font-weight: 400;\">Kancelaria Tylicki P\u0142achta Adwokaci zosta\u0142a utworzona w celu udzielania wsparcia i \u015bwiadczenia profesjonalnej pomocy w skomplikowanym \u015bwiecie paragraf\u00f3w. \u015awiadczymy najwy\u017cszej jako\u015bci us\u0142ugi prawne na rzecz przedsi\u0119biorc\u00f3w oraz klient\u00f3w indywidualnych na terenie ca\u0142ego kraju, ze szczeg\u00f3lnym uwzgl\u0119dnieniem wojew\u00f3dztwa pomorskiego, tr\u00f3jmiasta i okolic.<\/span><\/p>\n<p><span style=\"font-weight: 400;\">Dbamy o zachowanie najlepszych standard\u00f3w prawniczych i biznesowych. Skupiamy si\u0119 na potrzebach naszych klient\u00f3w, oferuj\u0105c im pe\u0142ne zaanga\u017cowanie, pomagamy znale\u017a\u0107 skuteczne i praktyczne rozwi\u0105zania w najtrudniejszych sprawach.\u00a0 W naszej kancelarii kierujemy si\u0119 zasad\u0105, zgodnie z kt\u00f3r\u0105 relacje z klientami zawsze powinny bazowa\u0107 na obustronnym zaufaniu i partnerstwie.<\/span><span style=\"font-size: 16px;\">\u00a0<\/span><\/p>\n<p>Prawnicy kancelarii opr\u00f3cz szerokiej wiedzy\u00a0 z zakresu r\u00f3\u017cnych dziedzin prawa, posiadaj\u0105 bogate do\u015bwiadczenie, kt\u00f3re zdobywali w toku wsp\u00f3\u0142pracy z najlepszymi kancelariami w regionie.<span>\u00a0<\/span><\/p>\n<p>&nbsp;<\/p>\n<p>[\/et_pb_text][\/et_pb_column][\/et_pb_row][\/et_pb_section][et_pb_section fb_built=&#8221;1&#8243; admin_label=&#8221;Skill Section&#8221; _builder_version=&#8221;3.22&#8243; custom_margin=&#8221;2px|||||&#8221; custom_padding=&#8221;99px|0px|0px|0px||&#8221;][et_pb_row column_structure=&#8221;3_4,1_4&#8243; custom_padding=&#8221;43px|32px|0px|||&#8221; custom_padding_phone=&#8221;|30px||30px|false|true&#8221; custom_padding_last_edited=&#8221;on|phone&#8221; admin_label=&#8221;Skill Area&#8221; _builder_version=&#8221;3.26.5&#8243; width=&#8221;90%&#8221; max_width=&#8221;1428px&#8221;][et_pb_column type=&#8221;3_4&#8243; _builder_version=&#8221;3.25&#8243; custom_padding=&#8221;80px||80px|&#8221; custom_padding__hover=&#8221;|||&#8221;][et_pb_text _builder_version=&#8221;3.26.5&#8243; text_font=&#8221;Playfair Display||||||||&#8221; text_text_color=&#8221;#2d3d31&#8243; text_font_size=&#8221;40px&#8221; text_line_height=&#8221;1.4em&#8221; custom_margin=&#8221;-134px||0px||false|false&#8221; custom_padding=&#8221;0px||0px||false|false&#8221; transform_scale__hover=&#8221;100%|100%&#8221;]<\/p>\n<p>German Desk<\/p>\n<p>[\/et_pb_text][et_pb_divider color=&#8221;#D2AB5F &#8221; divider_position=&#8221;center&#8221; divider_weight=&#8221;3px&#8221; _builder_version=&#8221;3.26.5&#8243; max_width=&#8221;70px&#8221; module_alignment=&#8221;center&#8221; custom_margin=&#8221;5px||||false|false&#8221; animation_style=&#8221;slide&#8221; animation_direction=&#8221;top&#8221; animation_intensity_slide=&#8221;10%&#8221; animation_starting_opacity=&#8221;100%&#8221;][\/et_pb_divider][et_pb_text _builder_version=&#8221;3.26.5&#8243; text_text_align=&#8221;justify&#8221; text_text_color=&#8221;#2d3d31&#8243; text_font_size=&#8221;16px&#8221; text_line_height=&#8221;1.8em&#8221; background_layout=&#8221;dark&#8221; max_width=&#8221;100%&#8221; custom_margin=&#8221;-74px||0px||false|false&#8221; custom_padding=&#8221;17px||0px||false|false&#8221; animation_direction=&#8221;left&#8221; transform_scale__hover=&#8221;100%|100%&#8221;]<\/p>\n<p>&nbsp;<\/p>\n<p>&nbsp;<\/p>\n<p>W naszej kancelarii \u015bwiadczymy r\u00f3wnie\u017c wszechstronn\u0105 pomoc prawn\u0105 w j\u0119zyku angielskim i niemieckim dla zagranicznych os\u00f3b fizycznych a tak\u017ce przedsi\u0119biorc\u00f3w potrzebuj\u0105cych obs\u0142ugi prawnej w Polsce oraz dla polskich klient\u00f3w szukaj\u0105cych rozwi\u0105za\u0144 problem\u00f3w o charakterze transgranicznym. Odpowiadaj\u0105c na potrzeby naszych klient\u00f3w, stworzyli\u015bmy w ramach kancelarii <em>German Desk<\/em>, w kt\u00f3rego sk\u0142ad wchodz\u0105 prawnicy znaj\u0105cy niemiecki system prawny i posiadaj\u0105cy ponadstandardowe do\u015bwiadczenie w pracy z klientami z Republiki Federalnej Niemiec.<\/p>\n<p>W celu zapewnienia kompleksowej obs\u0142ugi naszych klient\u00f3w, kancelaria wsp\u00f3\u0142pracuje z doradcami podatkowymi, kancelariami notarialnymi, komornikami oraz zagranicznymi kancelariami adwokackimi.<\/p>\n<p>&nbsp;<\/p>\n<p>[\/et_pb_text][\/et_pb_column][et_pb_column type=&#8221;1_4&#8243; _builder_version=&#8221;3.25&#8243; custom_padding=&#8221;|||&#8221; custom_padding__hover=&#8221;|||&#8221;][et_pb_text _builder_version=&#8221;3.26.5&#8243; text_font=&#8221;Open Sans|700|||||||&#8221; text_font_size=&#8221;18px&#8221; background_color=&#8221;#D2AB5F &#8221; custom_margin=&#8221;127px||25px||false|false&#8221; custom_margin_phone=&#8221;-80px||80px||false|false&#8221; custom_margin_last_edited=&#8221;on|desktop&#8221; custom_padding=&#8221;60px||83px|20px|false|false&#8221; custom_padding_phone=&#8221;||75px||false|false&#8221; custom_padding_last_edited=&#8221;on|desktop&#8221; link_option_url=&#8221;https:\/\/www.tpa-legal.pl\/index.php\/oferta\/&#8221; transform_scale__hover=&#8221;90%|90%&#8221;]<\/p>\n<h6 style=\"text-align: left;\"><span style=\"color: #2d3d31;\">Sprawd\u017a nasze<\/span><\/h6>\n<p style=\"text-align: left;\"><span style=\"color: #2d3d31;\">Obszary dzia\u0142alno\u015bci<\/span><\/p>\n<p>[\/et_pb_text][\/et_pb_column][\/et_pb_row][\/et_pb_section][et_pb_section fb_built=&#8221;1&#8243; custom_padding_last_edited=&#8221;on|desktop&#8221; _builder_version=&#8221;3.26.5&#8243; background_color=&#8221;#2D3D31&#8243; background_enable_color=&#8221;off&#8221; background_image=&#8221;https:\/\/www.tpa-legal.pl\/wp-content\/uploads\/2020\/02\/Projekt-bez-tytu\u0142u-3.png&#8221; background_enable_image=&#8221;off&#8221; custom_padding=&#8221;7px||7px||false|false&#8221; custom_padding_phone=&#8221;||7px||false|false&#8221; global_module=&#8221;211157&#8243;][et_pb_row column_structure=&#8221;1_4,1_4,1_4,1_4&#8243; use_custom_gutter=&#8221;on&#8221; gutter_width=&#8221;1&#8243; custom_padding=&#8221;23px||0px||false|false&#8221; custom_margin=&#8221;42px|auto||auto|false|false&#8221; _builder_version=&#8221;3.26.5&#8243; width=&#8221;90%&#8221; max_width=&#8221;2560px&#8221;][et_pb_column type=&#8221;1_4&#8243; _builder_version=&#8221;3.26.5&#8243;][et_pb_image src=&#8221;https:\/\/www.tpa-legal.pl\/wp-content\/uploads\/2020\/02\/LOGO_PLACHTA_Bia\u0142e_BezT\u0141A_.png&#8221; url=&#8221;https:\/\/www.tpa-legal.pl\/&#8221; align_phone=&#8221;center&#8221; align_last_edited=&#8221;on|phone&#8221; _builder_version=&#8221;3.26.5&#8243; width=&#8221;60%&#8221; width_phone=&#8221;50%&#8221; width_last_edited=&#8221;on|desktop&#8221; max_width=&#8221;60%&#8221; max_width_phone=&#8221;50%&#8221; max_width_last_edited=&#8221;on|desktop&#8221; max_height=&#8221;100px&#8221; max_height_phone=&#8221;100px&#8221; max_height_last_edited=&#8221;on|phone&#8221; custom_margin=&#8221;0px|||20px|false|false&#8221; custom_margin_phone=&#8221;-20px||20px|110px|false|false&#8221; custom_margin_last_edited=&#8221;on|desktop&#8221; custom_padding=&#8221;0px||1px|0px|false|false&#8221; module_alignment_last_edited=&#8221;on|phone&#8221;][\/et_pb_image][\/et_pb_column][et_pb_column type=&#8221;1_4&#8243; _builder_version=&#8221;3.26.5&#8243;][et_pb_text module_class=&#8221;%22p-link%22&#8243; _builder_version=&#8221;3.26.5&#8243; text_font=&#8221;Open Sans|300|||||||&#8221; text_text_align=&#8221;left&#8221; text_font_size=&#8221;14px&#8221; text_line_height=&#8221;2em&#8221; header_font_size=&#8221;27px&#8221; text_orientation=&#8221;center&#8221; custom_margin=&#8221;0px||25px|30px|false|false&#8221; custom_margin_phone=&#8221;25px|||0px|false|false&#8221; custom_margin_last_edited=&#8221;on|phone&#8221; custom_padding=&#8221;0px||0px||true|false&#8221; text_text_align_tablet=&#8221;center&#8221; text_text_align_last_edited=&#8221;on|phone&#8221; text_line_height_last_edited=&#8221;on|desktop&#8221; transform_scale__hover=&#8221;100%|100%&#8221;]<\/p>\n<h4><span style=\"color: #ffffff;\"><strong>Kancelaria<\/strong> :<\/span><\/h4>\n<p><span style=\"color: #ffffff;\"><a href=\"https:\/\/www.tpa-legal.pl\/index.php\/o-kancelarii\/\" class=\"p-link\">O Nas<\/a><\/span><br \/> <span style=\"color: #ffffff;\"> <a href=\"https:\/\/www.tpa-legal.pl\/index.php\/zespol\/\" class=\"p-link\">Prawnicy<\/a><\/span><br \/> <span style=\"color: #ffffff;\"> <a href=\"https:\/\/www.tpa-legal.pl\/index.php\/oferta\/\" class=\"p-link\">Co robimy<\/a><\/span><br \/> <span style=\"color: #ffffff;\"> <a href=\"https:\/\/www.tpa-legal.pl\/index.php\/wspolpraca\/\" class=\"p-link\">Wsp\u00f3\u0142praca<\/a><\/span><\/p>\n<p>[\/et_pb_text][\/et_pb_column][et_pb_column type=&#8221;1_4&#8243; _builder_version=&#8221;3.26.5&#8243;][et_pb_text _builder_version=&#8221;3.26.5&#8243; text_font=&#8221;Open Sans|300|||||||&#8221; text_text_align=&#8221;left&#8221; text_font_size=&#8221;14px&#8221; text_line_height=&#8221;2em&#8221; custom_margin=&#8221;||25px|30px|false|false&#8221; custom_margin_phone=&#8221;|||0px|false|false&#8221; custom_margin_last_edited=&#8221;on|desktop&#8221; custom_padding=&#8221;0px|0px|0px|0px|false|false&#8221; text_text_align_tablet=&#8221;left&#8221; text_text_align_phone=&#8221;center&#8221; text_text_align_last_edited=&#8221;on|desktop&#8221; text_line_height_last_edited=&#8221;on|desktop&#8221; transform_scale__hover=&#8221;100%|100%&#8221;]<\/p>\n<h4><strong><span style=\"color: #ffffff;\">Kontakt :<\/span><\/strong><\/h4>\n<p><span style=\"color: #ffffff;\"><a href=\"https:\/\/www.tpa-legal.pl\/index.php\/kontakt\/\" class=\"p-link\">Nasze biuro<br \/> <\/a><\/span><span style=\"color: #ffffff;\"><a href=\"https:\/\/www.tpa-legal.pl\/index.php\/cookies\/\" class=\"p-link\">Cookies<br \/> <\/a><a href=\"https:\/\/www.tpa-legal.pl\/index.php\/nota-prawna-i-polityka-prywatnosci\/\" class=\"p-link\">Nota prawna i Polityka prywatno\u015bci<br \/> <\/a><a href=\"https:\/\/www.tpa-legal.pl\/index.php\/ogolne-warunki-i-zasady\/\" class=\"p-link\">Og\u00f3lne warunki i zasady<\/a><\/span><\/p>\n<p>[\/et_pb_text][\/et_pb_column][et_pb_column type=&#8221;1_4&#8243; _builder_version=&#8221;3.26.5&#8243;][et_pb_image src=&#8221;https:\/\/www.tpa-legal.pl\/wp-content\/uploads\/2020\/02\/linkedin.png&#8221; url=&#8221;https:\/\/pl.linkedin.com\/in\/zygmunttylicki&#8221; url_new_window=&#8221;on&#8221; align=&#8221;right&#8221; _builder_version=&#8221;3.26.5&#8243; width=&#8221;9%&#8221; custom_margin=&#8221;-9px||0px|260px|false|false&#8221; custom_margin_phone=&#8221;30px|||240px|false|false&#8221; custom_margin_last_edited=&#8221;on|desktop&#8221; custom_padding=&#8221;0px||||false|false&#8221; transform_styles__hover_enabled=&#8221;on&#8221; transform_scale__hover_enabled=&#8221;on&#8221; transform_translate__hover_enabled=&#8221;on&#8221; transform_rotate__hover_enabled=&#8221;on&#8221; transform_skew__hover_enabled=&#8221;on&#8221; transform_origin__hover_enabled=&#8221;on&#8221; transform_scale__hover=&#8221;125%|125%&#8221;][\/et_pb_image][et_pb_text _builder_version=&#8221;3.26.5&#8243; text_font=&#8221;Open Sans|300|||||||&#8221; text_text_align=&#8221;left&#8221; text_font_size=&#8221;14px&#8221; text_line_height=&#8221;1.5em&#8221; width=&#8221;40%&#8221; custom_margin=&#8221;-18px||25px|132px|false|false&#8221; custom_margin_phone=&#8221;-18px||0px|120px|false|false&#8221; custom_margin_last_edited=&#8221;on|desktop&#8221; custom_padding=&#8221;0px|0px|0px|0px|false|false&#8221; link_option_url=&#8221;https:\/\/pl.linkedin.com\/in\/zygmunttylicki&#8221; transform_scale__hover=&#8221;100%|100%&#8221;]<\/p>\n<h4><strong><span style=\"color: #ffffff;\">Znajd\u017a nas :\u00a0<\/span><\/strong><\/h4>\n<p>&nbsp;<\/p>\n<p>[\/et_pb_text][\/et_pb_column][\/et_pb_row][et_pb_row column_structure=&#8221;1_3,1_3,1_3&#8243; custom_padding=&#8221;||0px||false|false&#8221; custom_margin=&#8221;|auto|2px|auto|false|false&#8221; _builder_version=&#8221;3.26.5&#8243; width=&#8221;95%&#8221; max_width=&#8221;2560px&#8221;][et_pb_column type=&#8221;1_3&#8243; _builder_version=&#8221;3.26.5&#8243;][\/et_pb_column][et_pb_column type=&#8221;1_3&#8243; _builder_version=&#8221;3.26.5&#8243;][et_pb_text _builder_version=&#8221;3.26.5&#8243; text_text_color=&#8221;#757575&#8243; text_font_size=&#8221;15px&#8221; header_text_color=&#8221;#757575&#8243; custom_margin=&#8221;-2px|-150px|50px|-150px|false|false&#8221; custom_margin_phone=&#8221;-80px|0px|-30px|0px|false|false&#8221; custom_margin_last_edited=&#8221;on|phone&#8221; custom_padding=&#8221;60px||0px|0px|false|false&#8221; text_text_align_phone=&#8221;center&#8221; text_text_align_last_edited=&#8221;on|desktop&#8221; text_orientation_last_edited=&#8221;on|phone&#8221; transform_scale__hover=&#8221;100%|100%&#8221;]<\/p>\n<p>\u00a9 2020 Tylicki P\u0142achta Adwokaci |\u00a0<a href=\"https:\/\/www.tpa-legal.pl\/index.php\/cookies\/\" class=\"s-link\">Cookies<\/a> | <a href=\"https:\/\/www.tpa-legal.pl\/index.php\/nota-prawna-i-polityka-prywatnosci\/\" class=\"s-link\">Nota prawna i Polityka prywatno\u015bci\u00a0<\/a><\/p>\n<p>[\/et_pb_text][\/et_pb_column][et_pb_column type=&#8221;1_3&#8243; _builder_version=&#8221;3.26.5&#8243; custom_padding=&#8221;|||0px|false|false&#8221;][\/et_pb_column][\/et_pb_row][\/et_pb_section]<\/p>\n","protected":false},"excerpt":{"rendered":"<p>[et_pb_section fb_built=&#8221;1&#8243; custom_padding_last_edited=&#8221;on|phone&#8221; _builder_version=&#8221;3.26.5&#8243; background_image=&#8221;https:\/\/www.tpa-legal.pl\/wp-content\/uploads\/2019\/12\/podstrona-O-NAS.jpg&#8221; custom_padding=&#8221;0px||750px||false|false&#8221; custom_padding_phone=&#8221;||500px||false|false&#8221;][\/et_pb_section][et_pb_section fb_built=&#8221;1&#8243; _builder_version=&#8221;3.26.5&#8243; background_color=&#8221;rgba(119,119,119,0.27)&#8221; custom_padding=&#8221;0px||0px|||&#8221;][et_pb_row custom_padding=&#8221;0px||0px|||&#8221; _builder_version=&#8221;3.26.5&#8243;][et_pb_column type=&#8221;4_4&#8243; _builder_version=&#8221;3.26.5&#8243;][et_pb_text _builder_version=&#8221;3.26.5&#8243; text_font=&#8221;Playfair Display||||||||&#8221; text_text_color=&#8221;#2d3d31&#8243; text_font_size=&#8221;40px&#8221; text_line_height=&#8221;1.4em&#8221; custom_margin=&#8221;30px||0px||false|false&#8221; custom_padding=&#8221;0px||0px||false|false&#8221; transform_scale__hover=&#8221;100%|100%&#8221;] Kancelaria [\/et_pb_text][et_pb_divider color=&#8221;#D2AB5F &#8221; divider_position=&#8221;center&#8221; divider_weight=&#8221;3px&#8221; _builder_version=&#8221;3.26.5&#8243; max_width=&#8221;70px&#8221; module_alignment=&#8221;center&#8221; custom_margin=&#8221;5px||||false|false&#8221; animation_style=&#8221;slide&#8221; animation_direction=&#8221;top&#8221; animation_intensity_slide=&#8221;10%&#8221; animation_starting_opacity=&#8221;100%&#8221;][\/et_pb_divider][et_pb_text _builder_version=&#8221;3.26.5&#8243; text_text_align=&#8221;justify&#8221; text_text_color=&#8221;#2d3d31&#8243; text_font_size=&#8221;16px&#8221; text_line_height=&#8221;1.8em&#8221; background_layout=&#8221;dark&#8221; max_width=&#8221;100%&#8221; custom_margin=&#8221;-13px||21px||false|false&#8221; custom_padding=&#8221;3px|30px|0px|30px|false|true&#8221; animation_direction=&#8221;left&#8221; hover_enabled=&#8221;0&#8243; text_line_height_last_edited=&#8221;on|phone&#8221; transform_scale__hover=&#8221;100%|100%&#8221; custom_padding_last_edited=&#8221;on|desktop&#8221; custom_padding_phone=&#8221;|0px||0px|false|true&#8221;] Kancelaria Tylicki [&hellip;]<\/p>\n","protected":false},"author":1,"featured_media":0,"parent":0,"menu_order":0,"comment_status":"closed","ping_status":"closed","template":"","meta":{"_et_pb_use_builder":"on","_et_pb_old_content":"","footnotes":""},"class_list":["post-210820","page","type-page","status-publish","hentry"],"_links":{"self":[{"href":"https:\/\/www.tpa-legal.pl\/index.php\/wp-json\/wp\/v2\/pages\/210820","targetHints":{"allow":["GET"]}}],"collection":[{"href":"https:\/\/www.tpa-legal.pl\/index.php\/wp-json\/wp\/v2\/pages"}],"about":[{"href":"https:\/\/www.tpa-legal.pl\/index.php\/wp-json\/wp\/v2\/types\/page"}],"author":[{"embeddable":true,"href":"https:\/\/www.tpa-legal.pl\/index.php\/wp-json\/wp\/v2\/users\/1"}],"replies":[{"embeddable":true,"href":"https:\/\/www.tpa-legal.pl\/index.php\/wp-json\/wp\/v2\/comments?post=210820"}],"version-history":[{"count":31,"href":"https:\/\/www.tpa-legal.pl\/index.php\/wp-json\/wp\/v2\/pages\/210820\/revisions"}],"predecessor-version":[{"id":212395,"href":"https:\/\/www.tpa-legal.pl\/index.php\/wp-json\/wp\/v2\/pages\/210820\/revisions\/212395"}],"wp:attachment":[{"href":"https:\/\/www.tpa-legal.pl\/index.php\/wp-json\/wp\/v2\/media?parent=210820"}],"curies":[{"name":"wp","href":"https:\/\/api.w.org\/{rel}","templated":true}]}}