{"id":210895,"date":"2019-12-16T10:53:11","date_gmt":"2019-12-16T10:53:11","guid":{"rendered":"https:\/\/www.tpa-legal.pl\/?page_id=210895"},"modified":"2020-02-17T21:02:02","modified_gmt":"2020-02-17T21:02:02","slug":"doradztwo-indywidualne","status":"publish","type":"page","link":"https:\/\/www.tpa-legal.pl\/index.php\/doradztwo-indywidualne\/","title":{"rendered":"Doradztwo Indywidualne"},"content":{"rendered":"<p>[et_pb_section fb_built=&#8221;1&#8243; _builder_version=&#8221;3.26.5&#8243; custom_padding=&#8221;5px||5px|||&#8221;][et_pb_row _builder_version=&#8221;3.26.5&#8243;][et_pb_column type=&#8221;4_4&#8243; _builder_version=&#8221;3.26.5&#8243;][et_pb_text _builder_version=&#8221;3.26.5&#8243; text_font=&#8221;Playfair Display||||||||&#8221; text_text_color=&#8221;#2d3d31&#8243; text_font_size=&#8221;40px&#8221; text_line_height=&#8221;1.4em&#8221; custom_margin=&#8221;30px||0px||false|false&#8221; custom_padding=&#8221;0px||0px||false|false&#8221; transform_scale__hover=&#8221;100%|100%&#8221;]<\/p>\n<p>Doradztwo dla Klient\u00f3w Indywidualnych<\/p>\n<p>[\/et_pb_text][et_pb_divider color=&#8221;#D2AB5F &#8221; divider_position=&#8221;center&#8221; divider_weight=&#8221;3px&#8221; _builder_version=&#8221;3.26.5&#8243; max_width=&#8221;70px&#8221; module_alignment=&#8221;center&#8221; custom_margin=&#8221;5px||||false|false&#8221; animation_style=&#8221;slide&#8221; animation_direction=&#8221;top&#8221; animation_intensity_slide=&#8221;10%&#8221; animation_starting_opacity=&#8221;100%&#8221;][\/et_pb_divider][\/et_pb_column][\/et_pb_row][\/et_pb_section][et_pb_section fb_built=&#8221;1&#8243; _builder_version=&#8221;3.26.5&#8243; custom_padding=&#8221;9px|||||&#8221;][et_pb_row column_structure=&#8221;1_5,3_5,1_5&#8243; custom_padding=&#8221;|||0px|false|false&#8221; custom_margin=&#8221;-23px|auto||50px|false|false&#8221; _builder_version=&#8221;3.26.5&#8243; width=&#8221;90%&#8221; max_width=&#8221;2560px&#8221; module_alignment=&#8221;center&#8221;][et_pb_column type=&#8221;1_5&#8243; _builder_version=&#8221;3.26.5&#8243;][et_pb_image src=&#8221;https:\/\/www.tpa-legal.pl\/wp-content\/uploads\/2019\/12\/Pointing_Hand.png&#8221; _builder_version=&#8221;3.26.5&#8243; width=&#8221;100%&#8221; custom_margin=&#8221;84px|||0px|false|false&#8221; custom_margin_phone=&#8221;50px||30px||false|false&#8221; custom_margin_last_edited=&#8221;on|desktop&#8221; custom_padding=&#8221;0px||||false|false&#8221;][\/et_pb_image][\/et_pb_column][et_pb_column type=&#8221;3_5&#8243; _builder_version=&#8221;3.26.5&#8243;][et_pb_text _builder_version=&#8221;3.26.5&#8243; text_text_align=&#8221;left&#8221; text_text_color=&#8221;#000000&#8243; text_font_size=&#8221;25px&#8221; text_line_height=&#8221;1.2em&#8221; custom_padding=&#8221;36px||36px||true|false&#8221; hover_enabled=&#8221;0&#8243; text_line_height_phone=&#8221;1.2em&#8221; text_line_height_last_edited=&#8221;on|desktop&#8221; transform_scale__hover=&#8221;100%|100%&#8221;]<\/p>\n<p style=\"text-align: center;\"><span style=\"font-weight: 400;\">KOMPLEKSOWE DORADZTWO PRAWNE DLA OS\u00d3B FIZYCZNYCH<\/span><\/p>\n<p>[\/et_pb_text][et_pb_text _builder_version=&#8221;3.26.5&#8243; text_text_align=&#8221;justify&#8221; text_text_color=&#8221;#757575&#8243; text_font_size=&#8221;16px&#8221; text_line_height=&#8221;1.8em&#8221; custom_margin=&#8221;-3px||-3px||true|false&#8221; custom_padding=&#8221;0px||0px||true|false&#8221; transform_scale__hover=&#8221;100%|100%&#8221;]<\/p>\n<p><span style=\"font-weight: 400;\">Oferujemy kompleksowe doradztwo prawne dla klient\u00f3w prywatnych oraz prywatnych przedsi\u0119biorc\u00f3w. Posiadamy wieloletnie do\u015bwiadczenie w \u015bwiadczeniu pomocy prawnej na rzecz os\u00f3b prywatnych we wszystkich obszarach \u017cycia \u2013 prywatnego, rodzinnego i zawodowego. Nasze us\u0142ugi obejmuj\u0105 m.in.:<\/span><\/p>\n<ul style=\"margin-left: 40px;\">\n<li style=\"font-weight: 400;\"><span style=\"font-weight: 400;\">ochron\u0119 d\u00f3br osobistych i dzia\u0142ania antykryzysowe w przypadku narusze\u0144, m.in. wsparcie klient\u00f3w w szybkim reagowaniu na naruszenia, jak r\u00f3wnie\u017c w dochodzeniu przed s\u0105dem zado\u015b\u0107uczynienia w postaci sprostowa\u0144, przeprosin czy zap\u0142aty odszkodowania,<\/span><\/li>\n<li style=\"font-weight: 400;\"><span style=\"font-weight: 400;\">doradztwo prawne w zakresie spraw spadkowych, w tym reprezentacja klient\u00f3w w post\u0119powaniach s\u0105dowych wszystkich instancji i uregulowanie sukcesji w spos\u00f3b zapewniaj\u0105cy stabilno\u015b\u0107 relacji rodzinnych oraz ci\u0105g\u0142o\u015b\u0107 dzia\u0142alno\u015bci gospodarczej,<\/span><\/li>\n<li style=\"font-weight: 400;\"><span style=\"font-weight: 400;\">doradztwo prawne w zakresie spor\u00f3w dotycz\u0105cych w\u0142asno\u015bci prywatnej, w tym r\u00f3wnie\u017c spor\u00f3w zwi\u0105zanych z roszczeniami maj\u0105tkowymi po rozwodzie,<\/span><\/li>\n<li style=\"font-weight: 400;\"><span style=\"font-weight: 400;\">bie\u017c\u0105ce doradztwo prawne i podatkowe w zakresie prowadzonej dzia\u0142alno\u015bci gospodarczej oraz w sprawach prywatnych (<\/span><span style=\"font-weight: 400;\">r\u00f3wnie\u017c pod jurysdykcj\u0105 Republiki Federalnej Niemiec<\/span><span style=\"font-weight: 400;\">),<\/span><\/li>\n<li style=\"font-weight: 400;\"><span style=\"font-weight: 400;\">reprezentowanie klient\u00f3w indywidualnych w post\u0119powaniach cywilnych tocz\u0105cych si\u0119 w pozosta\u0142ych sprawach prywatnych przed s\u0105dami powszechnymi wszystkich instancji,<\/span><\/li>\n<li style=\"font-weight: 400;\"><span style=\"font-weight: 400;\">reprezentowanie klient\u00f3w indywidualnych, w post\u0119powaniach s\u0105dowoadministracyjnych tocz\u0105cych si\u0119 przed s\u0105dami administracyjnymi wszystkich instancji,<\/span><\/li>\n<li style=\"font-weight: 400;\"><span style=\"font-weight: 400;\">doradztwo prawne i reprezentowanie klient\u00f3w w sprawach karnych na ka\u017cdym etapie post\u0119powania, w tym r\u00f3wnie\u017c w sprawach karnych gospodarczych.<\/span><\/li>\n<\/ul>\n<p><span style=\"font-weight: 400;\">Naszym klientom oferujemy rozwi\u0105zania bezpieczne i efektywne. Zapewniamy przy tym najwy\u017cszy stopie\u0144 dyskrecji i poufno\u015bci. Tworz\u0105c indywidualne rozwi\u0105zania, korzystamy ze wsparcia zaprzyja\u017anionych renomowanych firm prawniczych w kraju i za granic\u0105 oraz \u015bci\u015ble wsp\u00f3\u0142pracujemy z doradcami podatkowymi.<\/span><\/p>\n<p>[\/et_pb_text][\/et_pb_column][et_pb_column type=&#8221;1_5&#8243; _builder_version=&#8221;3.26.5&#8243;][et_pb_text _builder_version=&#8221;3.26.5&#8243; text_font=&#8221;Open Sans|600|||||||&#8221; text_text_color=&#8221;#2E3D32&#8243; text_font_size=&#8221;18px&#8221; custom_margin=&#8221;-27px||0px||false|false&#8221; custom_margin_phone=&#8221;|||50px|false|false&#8221; custom_margin_last_edited=&#8221;on|phone&#8221; custom_padding=&#8221;67px||47px||false|false&#8221; transform_scale__hover=&#8221;100%|100%&#8221;]<\/p>\n<p style=\"text-align: left;\">Kontakt<\/p>\n<p>[\/et_pb_text][et_pb_blurb url=&#8221;https:\/\/www.tpa-legal.pl\/index.php\/zygmunt-tylicki\/&#8221; image=&#8221;https:\/\/www.tpa-legal.pl\/wp-content\/uploads\/2019\/12\/profilowe-do-KONTAKTU-Zygmunt_Easy-Resize.com_.jpg&#8221; image_max_width_phone=&#8221;100%&#8221; image_max_width_last_edited=&#8221;on|phone&#8221; _builder_version=&#8221;3.26.5&#8243; header_font=&#8221;Open Sans|700|||||||&#8221; header_text_align=&#8221;left&#8221; header_text_color=&#8221;#D2ab5f&#8221; body_text_color=&#8221;#d2ab5f&#8221; width=&#8221;75%&#8221; min_height=&#8221;274px&#8221; custom_margin=&#8221;-14px||75px|0px|false|false&#8221; custom_margin_phone=&#8221;-14px||75px||false|false&#8221; custom_margin_last_edited=&#8221;on|desktop&#8221; custom_padding=&#8221;|||0px|false|false&#8221; custom_padding_phone=&#8221;|||0px|false|false&#8221; custom_padding_last_edited=&#8221;on|desktop&#8221; link_option_url=&#8221;https:\/\/www.tpa-legal.pl\/index.php\/zygmunt-tylicki\/&#8221; module_alignment_phone=&#8221;center&#8221; module_alignment_last_edited=&#8221;on|phone&#8221; global_module=&#8221;210940&#8243; saved_tabs=&#8221;all&#8221;]<\/p>\n<p style=\"text-align: left; font-size: 18px; font-weight: bold;\"><a href=\"https:\/\/www.tpa-legal.pl\/index.php\/zygmunt-tylicki\/\" class=\"k-link\">Zygmunt Tylicki<\/a><br \/> <span style=\"font-size: 14px; font-weight: normal;\">Adwokat<\/span><\/p>\n<p style=\"text-align: left;\">+48 609 471 622<br \/> <a href=\"mailto:zygmunt.tylicki@tpa-legal.pl\" target=\"_blank\" rel=\"noopener noreferrer\" class=\"k-link\">zygmunt.tylicki@tpa-legal.pl<\/a><\/p>\n<p>[\/et_pb_blurb][et_pb_blurb url=&#8221;https:\/\/www.tpa-legal.pl\/index.php\/mateusz-plachta\/&#8221; image=&#8221;https:\/\/www.tpa-legal.pl\/wp-content\/uploads\/2019\/12\/profilowe-do-KONTAKTU-Mateusz_Easy-Resize.com-1.jpg&#8221; image_max_width_phone=&#8221;100%&#8221; image_max_width_last_edited=&#8221;on|desktop&#8221; _builder_version=&#8221;3.26.5&#8243; header_font=&#8221;Open Sans|700|||||||&#8221; header_text_align=&#8221;left&#8221; header_text_color=&#8221;#D2AB5F&#8221; body_font=&#8221;Open Sans||||||||&#8221; body_text_color=&#8221;#D2AB5F&#8221; width=&#8221;75%&#8221; custom_margin=&#8221;|||0px|false|false&#8221; custom_margin_last_edited=&#8221;on|phone&#8221; custom_padding_last_edited=&#8221;on|desktop&#8221; link_option_url=&#8221;https:\/\/www.tpa-legal.pl\/index.php\/mateusz-plachta\/&#8221; module_alignment_phone=&#8221;center&#8221; module_alignment_last_edited=&#8221;on|phone&#8221; global_module=&#8221;210939&#8243; saved_tabs=&#8221;all&#8221;]<\/p>\n<p style=\"text-align: left; font-size: 18px; font-weight: bold;\"><a href=\"https:\/\/www.tpa-legal.pl\/index.php\/mateusz-plachta\/\" class=\"k-link\">Mateusz Plachta<\/a><br \/> <span style=\"font-size: 14px; font-weight: normal;\">Adwokat<\/span><\/p>\n<p style=\"text-align: left;\">+48 664 993 785<br \/> <a href=\"mailto:mateusz.plachta@tpa-legal.pl\" target=\"_blank\" rel=\"noopener noreferrer\" class=\"k-link\">mateusz.plachta@tpa-legal.pl<\/a><\/p>\n<p>[\/et_pb_blurb][\/et_pb_column][\/et_pb_row][\/et_pb_section][et_pb_section fb_built=&#8221;1&#8243; custom_padding_last_edited=&#8221;on|desktop&#8221; _builder_version=&#8221;3.26.5&#8243; background_color=&#8221;#2D3D31&#8243; background_enable_image=&#8221;off&#8221; custom_padding=&#8221;7px||7px||false|false&#8221; custom_padding_phone=&#8221;||7px||false|false&#8221; global_module=&#8221;211157&#8243;][et_pb_row column_structure=&#8221;1_4,1_4,1_4,1_4&#8243; use_custom_gutter=&#8221;on&#8221; gutter_width=&#8221;1&#8243; custom_padding=&#8221;23px||0px||false|false&#8221; custom_margin=&#8221;42px|auto||auto|false|false&#8221; _builder_version=&#8221;3.26.5&#8243; width=&#8221;90%&#8221; max_width=&#8221;2560px&#8221;][et_pb_column type=&#8221;1_4&#8243; _builder_version=&#8221;3.26.5&#8243;][et_pb_image src=&#8221;https:\/\/www.tpa-legal.pl\/wp-content\/uploads\/2020\/02\/LOGO_PLACHTA_Bia\u0142e_BezT\u0141A_.png&#8221; url=&#8221;https:\/\/www.tpa-legal.pl\/&#8221; align_phone=&#8221;center&#8221; align_last_edited=&#8221;on|phone&#8221; _builder_version=&#8221;3.26.5&#8243; width=&#8221;60%&#8221; width_phone=&#8221;50%&#8221; width_last_edited=&#8221;on|desktop&#8221; max_width=&#8221;60%&#8221; max_width_phone=&#8221;50%&#8221; max_width_last_edited=&#8221;on|desktop&#8221; max_height=&#8221;100px&#8221; max_height_phone=&#8221;100px&#8221; max_height_last_edited=&#8221;on|phone&#8221; custom_margin=&#8221;0px|||20px|false|false&#8221; custom_margin_phone=&#8221;-20px||20px|110px|false|false&#8221; custom_margin_last_edited=&#8221;on|desktop&#8221; custom_padding=&#8221;0px||1px|0px|false|false&#8221; module_alignment_last_edited=&#8221;on|phone&#8221;][\/et_pb_image][\/et_pb_column][et_pb_column type=&#8221;1_4&#8243; _builder_version=&#8221;3.26.5&#8243;][et_pb_text module_class=&#8221;%22p-link%22&#8243; _builder_version=&#8221;3.26.5&#8243; text_font=&#8221;Open Sans|300|||||||&#8221; text_text_align=&#8221;left&#8221; text_font_size=&#8221;14px&#8221; text_line_height=&#8221;2em&#8221; header_font_size=&#8221;27px&#8221; text_orientation=&#8221;center&#8221; custom_margin=&#8221;0px||25px|30px|false|false&#8221; custom_margin_phone=&#8221;25px|||0px|false|false&#8221; custom_margin_last_edited=&#8221;on|phone&#8221; custom_padding=&#8221;0px||0px||true|false&#8221; text_text_align_tablet=&#8221;center&#8221; text_text_align_last_edited=&#8221;on|phone&#8221; text_line_height_last_edited=&#8221;on|desktop&#8221; transform_scale__hover=&#8221;100%|100%&#8221;]<\/p>\n<h4><span style=\"color: #ffffff;\"><strong>Kancelaria<\/strong> :<\/span><\/h4>\n<p><span style=\"color: #ffffff;\"><a href=\"https:\/\/www.tpa-legal.pl\/index.php\/o-kancelarii\/\" class=\"p-link\">O Nas<\/a><\/span><br \/> <span style=\"color: #ffffff;\"> <a href=\"https:\/\/www.tpa-legal.pl\/index.php\/zespol\/\" class=\"p-link\">Prawnicy<\/a><\/span><br \/> <span style=\"color: #ffffff;\"> <a href=\"https:\/\/www.tpa-legal.pl\/index.php\/oferta\/\" class=\"p-link\">Co robimy<\/a><\/span><br \/> <span style=\"color: #ffffff;\"> <a href=\"https:\/\/www.tpa-legal.pl\/index.php\/wspolpraca\/\" class=\"p-link\">Wsp\u00f3\u0142praca<\/a><\/span><\/p>\n<p>[\/et_pb_text][\/et_pb_column][et_pb_column type=&#8221;1_4&#8243; _builder_version=&#8221;3.26.5&#8243;][et_pb_text _builder_version=&#8221;3.26.5&#8243; text_font=&#8221;Open Sans|300|||||||&#8221; text_text_align=&#8221;left&#8221; text_font_size=&#8221;14px&#8221; text_line_height=&#8221;2em&#8221; custom_margin=&#8221;||25px|30px|false|false&#8221; custom_margin_phone=&#8221;|||0px|false|false&#8221; custom_margin_last_edited=&#8221;on|desktop&#8221; custom_padding=&#8221;0px|0px|0px|0px|false|false&#8221; text_text_align_tablet=&#8221;left&#8221; text_text_align_phone=&#8221;center&#8221; text_text_align_last_edited=&#8221;on|desktop&#8221; text_line_height_last_edited=&#8221;on|desktop&#8221; transform_scale__hover=&#8221;100%|100%&#8221;]<\/p>\n<h4><strong><span style=\"color: #ffffff;\">Kontakt :<\/span><\/strong><\/h4>\n<p><span style=\"color: #ffffff;\"><a href=\"https:\/\/www.tpa-legal.pl\/index.php\/kontakt\/\" class=\"p-link\">Nasze biuro<br \/> <\/a><\/span><span style=\"color: #ffffff;\"><a href=\"https:\/\/www.tpa-legal.pl\/index.php\/cookies\/\" class=\"p-link\">Cookies<br \/> <\/a><a href=\"https:\/\/www.tpa-legal.pl\/index.php\/nota-prawna-i-polityka-prywatnosci\/\" class=\"p-link\">Nota prawna i Polityka prywatno\u015bci<br \/> <\/a><a href=\"https:\/\/www.tpa-legal.pl\/index.php\/ogolne-warunki-i-zasady\/\" class=\"p-link\">Og\u00f3lne warunki i zasady<\/a><\/span><\/p>\n<p>[\/et_pb_text][\/et_pb_column][et_pb_column type=&#8221;1_4&#8243; _builder_version=&#8221;3.26.5&#8243;][et_pb_image src=&#8221;https:\/\/www.tpa-legal.pl\/wp-content\/uploads\/2020\/02\/linkedin.png&#8221; url=&#8221;https:\/\/pl.linkedin.com\/in\/zygmunttylicki&#8221; url_new_window=&#8221;on&#8221; align=&#8221;right&#8221; _builder_version=&#8221;3.26.5&#8243; width=&#8221;9%&#8221; custom_margin=&#8221;-9px||0px|260px|false|false&#8221; custom_margin_phone=&#8221;30px|||240px|false|false&#8221; custom_margin_last_edited=&#8221;on|desktop&#8221; custom_padding=&#8221;0px||||false|false&#8221; transform_styles__hover_enabled=&#8221;on&#8221; transform_scale__hover_enabled=&#8221;on&#8221; transform_translate__hover_enabled=&#8221;on&#8221; transform_rotate__hover_enabled=&#8221;on&#8221; transform_skew__hover_enabled=&#8221;on&#8221; transform_origin__hover_enabled=&#8221;on&#8221; transform_scale__hover=&#8221;125%|125%&#8221;][\/et_pb_image][et_pb_text _builder_version=&#8221;3.26.5&#8243; text_font=&#8221;Open Sans|300|||||||&#8221; text_text_align=&#8221;left&#8221; text_font_size=&#8221;14px&#8221; text_line_height=&#8221;1.5em&#8221; width=&#8221;40%&#8221; custom_margin=&#8221;-18px||25px|132px|false|false&#8221; custom_margin_phone=&#8221;-18px||0px|120px|false|false&#8221; custom_margin_last_edited=&#8221;on|desktop&#8221; custom_padding=&#8221;0px|0px|0px|0px|false|false&#8221; link_option_url=&#8221;https:\/\/pl.linkedin.com\/in\/zygmunttylicki&#8221; transform_scale__hover=&#8221;100%|100%&#8221;]<\/p>\n<h4><strong><span style=\"color: #ffffff;\">Znajd\u017a nas :\u00a0<\/span><\/strong><\/h4>\n<p>&nbsp;<\/p>\n<p>[\/et_pb_text][\/et_pb_column][\/et_pb_row][et_pb_row column_structure=&#8221;1_3,1_3,1_3&#8243; custom_padding=&#8221;||0px||false|false&#8221; custom_margin=&#8221;|auto|2px|auto|false|false&#8221; _builder_version=&#8221;3.26.5&#8243; width=&#8221;95%&#8221; max_width=&#8221;2560px&#8221;][et_pb_column type=&#8221;1_3&#8243; _builder_version=&#8221;3.26.5&#8243;][\/et_pb_column][et_pb_column type=&#8221;1_3&#8243; _builder_version=&#8221;3.26.5&#8243;][et_pb_text _builder_version=&#8221;3.26.5&#8243; text_text_color=&#8221;#757575&#8243; text_font_size=&#8221;15px&#8221; header_text_color=&#8221;#757575&#8243; custom_margin=&#8221;-2px|-150px|50px|-150px|false|false&#8221; custom_margin_phone=&#8221;-80px|0px|-30px|0px|false|false&#8221; custom_margin_last_edited=&#8221;on|phone&#8221; custom_padding=&#8221;60px||0px|0px|false|false&#8221; text_text_align_phone=&#8221;center&#8221; text_text_align_last_edited=&#8221;on|desktop&#8221; text_orientation_last_edited=&#8221;on|phone&#8221; transform_scale__hover=&#8221;100%|100%&#8221;]<\/p>\n<p>\u00a9 2020 Tylicki P\u0142achta Adwokaci |\u00a0<a href=\"https:\/\/www.tpa-legal.pl\/index.php\/cookies\/\" class=\"s-link\">Cookies<\/a> | <a href=\"https:\/\/www.tpa-legal.pl\/index.php\/nota-prawna-i-polityka-prywatnosci\/\" class=\"s-link\">Nota prawna i Polityka prywatno\u015bci\u00a0<\/a><\/p>\n<p>[\/et_pb_text][\/et_pb_column][et_pb_column type=&#8221;1_3&#8243; _builder_version=&#8221;3.26.5&#8243; custom_padding=&#8221;|||0px|false|false&#8221;][\/et_pb_column][\/et_pb_row][\/et_pb_section]<\/p>\n","protected":false},"excerpt":{"rendered":"<p>[et_pb_section fb_built=&#8221;1&#8243; _builder_version=&#8221;3.26.5&#8243; custom_padding=&#8221;5px||5px|||&#8221;][et_pb_row _builder_version=&#8221;3.26.5&#8243;][et_pb_column type=&#8221;4_4&#8243; _builder_version=&#8221;3.26.5&#8243;][et_pb_text _builder_version=&#8221;3.26.5&#8243; text_font=&#8221;Playfair Display||||||||&#8221; text_text_color=&#8221;#2d3d31&#8243; text_font_size=&#8221;40px&#8221; text_line_height=&#8221;1.4em&#8221; custom_margin=&#8221;30px||0px||false|false&#8221; custom_padding=&#8221;0px||0px||false|false&#8221; transform_scale__hover=&#8221;100%|100%&#8221;] Doradztwo dla Klient\u00f3w Indywidualnych [\/et_pb_text][et_pb_divider color=&#8221;#D2AB5F &#8221; divider_position=&#8221;center&#8221; divider_weight=&#8221;3px&#8221; _builder_version=&#8221;3.26.5&#8243; max_width=&#8221;70px&#8221; module_alignment=&#8221;center&#8221; custom_margin=&#8221;5px||||false|false&#8221; animation_style=&#8221;slide&#8221; animation_direction=&#8221;top&#8221; animation_intensity_slide=&#8221;10%&#8221; animation_starting_opacity=&#8221;100%&#8221;][\/et_pb_divider][\/et_pb_column][\/et_pb_row][\/et_pb_section][et_pb_section fb_built=&#8221;1&#8243; _builder_version=&#8221;3.26.5&#8243; custom_padding=&#8221;9px|||||&#8221;][et_pb_row column_structure=&#8221;1_5,3_5,1_5&#8243; custom_padding=&#8221;|||0px|false|false&#8221; custom_margin=&#8221;-23px|auto||50px|false|false&#8221; _builder_version=&#8221;3.26.5&#8243; width=&#8221;90%&#8221; max_width=&#8221;2560px&#8221; module_alignment=&#8221;center&#8221;][et_pb_column type=&#8221;1_5&#8243; _builder_version=&#8221;3.26.5&#8243;][et_pb_image src=&#8221;https:\/\/www.tpa-legal.pl\/wp-content\/uploads\/2019\/12\/Pointing_Hand.png&#8221; _builder_version=&#8221;3.26.5&#8243; width=&#8221;100%&#8221; custom_margin=&#8221;84px|||0px|false|false&#8221; custom_margin_phone=&#8221;50px||30px||false|false&#8221; custom_margin_last_edited=&#8221;on|desktop&#8221; custom_padding=&#8221;0px||||false|false&#8221;][\/et_pb_image][\/et_pb_column][et_pb_column type=&#8221;3_5&#8243; _builder_version=&#8221;3.26.5&#8243;][et_pb_text _builder_version=&#8221;3.26.5&#8243; [&hellip;]<\/p>\n","protected":false},"author":1,"featured_media":0,"parent":0,"menu_order":0,"comment_status":"closed","ping_status":"closed","template":"","meta":{"_et_pb_use_builder":"on","_et_pb_old_content":"<!-- wp:divi\/placeholder \/-->","footnotes":""},"class_list":["post-210895","page","type-page","status-publish","hentry"],"_links":{"self":[{"href":"https:\/\/www.tpa-legal.pl\/index.php\/wp-json\/wp\/v2\/pages\/210895","targetHints":{"allow":["GET"]}}],"collection":[{"href":"https:\/\/www.tpa-legal.pl\/index.php\/wp-json\/wp\/v2\/pages"}],"about":[{"href":"https:\/\/www.tpa-legal.pl\/index.php\/wp-json\/wp\/v2\/types\/page"}],"author":[{"embeddable":true,"href":"https:\/\/www.tpa-legal.pl\/index.php\/wp-json\/wp\/v2\/users\/1"}],"replies":[{"embeddable":true,"href":"https:\/\/www.tpa-legal.pl\/index.php\/wp-json\/wp\/v2\/comments?post=210895"}],"version-history":[{"count":14,"href":"https:\/\/www.tpa-legal.pl\/index.php\/wp-json\/wp\/v2\/pages\/210895\/revisions"}],"predecessor-version":[{"id":212383,"href":"https:\/\/www.tpa-legal.pl\/index.php\/wp-json\/wp\/v2\/pages\/210895\/revisions\/212383"}],"wp:attachment":[{"href":"https:\/\/www.tpa-legal.pl\/index.php\/wp-json\/wp\/v2\/media?parent=210895"}],"curies":[{"name":"wp","href":"https:\/\/api.w.org\/{rel}","templated":true}]}}