{"id":210903,"date":"2019-12-16T10:54:31","date_gmt":"2019-12-16T10:54:31","guid":{"rendered":"https:\/\/www.tpa-legal.pl\/?page_id=210903"},"modified":"2020-02-17T21:08:49","modified_gmt":"2020-02-17T21:08:49","slug":"nieruchomosci","status":"publish","type":"page","link":"https:\/\/www.tpa-legal.pl\/index.php\/nieruchomosci\/","title":{"rendered":"Nieruchomo\u015bci"},"content":{"rendered":"<p>[et_pb_section fb_built=&#8221;1&#8243; _builder_version=&#8221;3.26.5&#8243; custom_padding=&#8221;10px||0px|||&#8221;][et_pb_row _builder_version=&#8221;3.26.5&#8243;][et_pb_column type=&#8221;4_4&#8243; _builder_version=&#8221;3.26.5&#8243;][et_pb_text _builder_version=&#8221;3.26.5&#8243; text_font=&#8221;Playfair Display||||||||&#8221; text_text_color=&#8221;#2d3d31&#8243; text_font_size=&#8221;40px&#8221; text_line_height=&#8221;1.4em&#8221; custom_margin=&#8221;30px||0px||false|false&#8221; custom_padding=&#8221;0px||0px||false|false&#8221; transform_scale__hover=&#8221;100%|100%&#8221;]<\/p>\n<p>Nieruchomo\u015bci<\/p>\n<p>[\/et_pb_text][et_pb_divider color=&#8221;#D2AB5F &#8221; divider_position=&#8221;center&#8221; divider_weight=&#8221;3px&#8221; _builder_version=&#8221;3.26.5&#8243; max_width=&#8221;70px&#8221; module_alignment=&#8221;center&#8221; custom_margin=&#8221;5px||||false|false&#8221; animation_style=&#8221;slide&#8221; animation_direction=&#8221;top&#8221; animation_intensity_slide=&#8221;10%&#8221; animation_starting_opacity=&#8221;100%&#8221;][\/et_pb_divider][\/et_pb_column][\/et_pb_row][\/et_pb_section][et_pb_section fb_built=&#8221;1&#8243; _builder_version=&#8221;3.26.5&#8243; custom_padding=&#8221;9px|||||&#8221;][et_pb_row column_structure=&#8221;1_5,3_5,1_5&#8243; custom_padding=&#8221;|||0px|false|false&#8221; custom_margin=&#8221;-23px|auto||50px|false|false&#8221; _builder_version=&#8221;3.26.5&#8243; width=&#8221;90%&#8221; max_width=&#8221;2560px&#8221; module_alignment=&#8221;center&#8221;][et_pb_column type=&#8221;1_5&#8243; _builder_version=&#8221;3.26.5&#8243;][et_pb_image src=&#8221;https:\/\/www.tpa-legal.pl\/wp-content\/uploads\/2019\/12\/Key.png&#8221; _builder_version=&#8221;3.26.5&#8243; width=&#8221;100%&#8221; custom_margin=&#8221;84px|||0px|false|false&#8221; custom_margin_phone=&#8221;50px||30px||false|false&#8221; custom_margin_last_edited=&#8221;on|phone&#8221; custom_padding=&#8221;0px||||false|false&#8221;][\/et_pb_image][\/et_pb_column][et_pb_column type=&#8221;3_5&#8243; _builder_version=&#8221;3.26.5&#8243;][et_pb_text _builder_version=&#8221;3.26.5&#8243; text_text_align=&#8221;left&#8221; text_text_color=&#8221;#000000&#8243; text_font_size=&#8221;25px&#8221; text_line_height=&#8221;1.2em&#8221; custom_padding=&#8221;36px||36px||true|false&#8221; hover_enabled=&#8221;0&#8243; text_line_height_phone=&#8221;1.2em&#8221; text_line_height_last_edited=&#8221;on|phone&#8221; transform_scale__hover=&#8221;100%|100%&#8221;]<\/p>\n<p style=\"text-align: center;\"><span style=\"font-weight: 400;\">NIERUCHOMO\u015aCI, REPRYWATYZACJA, PROJEKTY INWESTYCYJNE<\/span><\/p>\n<p>[\/et_pb_text][et_pb_text _builder_version=&#8221;3.26.5&#8243; text_text_align=&#8221;justify&#8221; text_text_color=&#8221;#757575&#8243; text_font_size=&#8221;16px&#8221; text_line_height=&#8221;1.8em&#8221; custom_margin=&#8221;-3px||-3px||true|false&#8221; custom_padding=&#8221;0px||0px||true|false&#8221; transform_scale__hover=&#8221;100%|100%&#8221;]<\/p>\n<p><span style=\"font-weight: 400;\">Naszym klientom oferujemy kompleksow\u0105 pomoc we wszystkich aspektach prawnych wyst\u0119puj\u0105cych w z\u0142o\u017conych projektach transakcyjnych i inwestycyjnych dotycz\u0105cych nieruchomo\u015bci, w szczeg\u00f3lno\u015bci:<\/span><\/p>\n<p><span style=\"font-weight: 400;\"><\/span><\/p>\n<ul style=\"margin-left: 40px;\">\n<li style=\"font-weight: 400;\"><span style=\"font-weight: 400;\">przeprowadzamy analizy stanu prawnego nieruchomo\u015bci i doradzamy w zakresie optymalnego usuni\u0119cia negatywnych wynik\u00f3w takich analiz (porz\u0105dkowanie stanu prawnego nieruchomo\u015bci),<\/span><\/li>\n<li style=\"font-weight: 400;\"><span style=\"font-weight: 400;\">doradzamy przy nabywaniu i zbywaniu nieruchomo\u015bci oraz przygotowujemy, negocjujemy i opiniujemy wszelkie umowy w tym zakresie,<\/span><\/li>\n<li style=\"font-weight: 400;\"><span style=\"font-weight: 400;\">doradzamy w zakresie oddawania nieruchomo\u015bci osobom trzecim do u\u017cywania, w tym przygotowujemy, negocjujemy i opiniujemy umowy najmu, dzier\u017cawy i u\u017cyczenia,<\/span><\/li>\n<li style=\"font-weight: 400;\"><span style=\"font-weight: 400;\">doradzamy w zakresie zarz\u0105dzania nieruchomo\u015bciami,<\/span><\/li>\n<li style=\"font-weight: 400;\"><span style=\"font-weight: 400;\">prowadzimy obs\u0142ug\u0119 prawn\u0105 najmu komercyjnego zar\u00f3wno po stronie wynajmuj\u0105cego jak i po stronie najemcy,<\/span><\/li>\n<li style=\"font-weight: 400;\"><span style=\"font-weight: 400;\">doradzamy przy ustanawianiu i znoszeniu obci\u0105\u017ce\u0144 nieruchomo\u015bci m.in. ograniczonymi prawami rzeczowymi,<\/span><\/li>\n<li style=\"font-weight: 400;\"><span style=\"font-weight: 400;\">prowadzimy obs\u0142ug\u0119 prawn\u0105 r\u00f3\u017cnych przedsi\u0119wzi\u0119\u0107 inwestycyjnych \u2013 doradzamy we wszelkich aspektach cywilnoprawnych i administracyjnoprawnych zwi\u0105zanych z zagospodarowaniem nieruchomo\u015bci, przede wszystkim dotycz\u0105cych zagospodarowania przestrzennego i procesu inwestycyjnego polegaj\u0105cego na realizacji projekt\u00f3w mieszkaniowych, biurowych handlowo-us\u0142ugowych i przemys\u0142owych,<\/span><\/li>\n<li style=\"font-weight: 400;\"><span style=\"font-weight: 400;\">\u015bwiadczymy pomoc prawn\u0105 przy uzyskiwaniu zezwole\u0144 administracyjnych, w tym decyzji o warunkach zabudowy i pozwole\u0144 na budow\u0119,<\/span><\/li>\n<li style=\"font-weight: 400;\"><span style=\"font-weight: 400;\">prowadzimy sprawy reprywatyzacyjne zwi\u0105zane z odzyskiwaniem w\u0142asno\u015bci nieruchomo\u015bci na rzecz os\u00f3b, kt\u00f3re utraci\u0142y je w skutek dekret\u00f3w z lat 40-tych XX wieku (tj. m.in. dekretu Bieruta, dekretu o reformie rolnej oraz dekretu o reformie le\u015bnej),<\/span><\/li>\n<li style=\"font-weight: 400;\"><span style=\"font-weight: 400;\">reprezentujemy naszych klient\u00f3w w post\u0119powaniach s\u0105dowych, administracyjnych i s\u0105dowo &#8211; administracyjnych dotycz\u0105cych nieruchomo\u015bci, w tym w sprawach roszcze\u0144 reprywatyzacyjnych i procesu inwestycyjnego (zabudowa i zagospodarowanie nieruchomo\u015bci), w sprawach odszkodowa\u0144 za nieruchomo\u015bci wyw\u0142aszczone na cele publiczne, a tak\u017ce w sprawach dzia\u0142owych oraz sprawach o zasiedzenie nieruchomo\u015bci.<\/span><\/li>\n<\/ul>\n<p>[\/et_pb_text][\/et_pb_column][et_pb_column type=&#8221;1_5&#8243; _builder_version=&#8221;3.26.5&#8243;][et_pb_text _builder_version=&#8221;3.26.5&#8243; text_font=&#8221;Open Sans|600|||||||&#8221; text_text_color=&#8221;#2E3D32&#8243; text_font_size=&#8221;18px&#8221; custom_margin=&#8221;-27px||0px||false|false&#8221; custom_margin_phone=&#8221;|||50px|false|false&#8221; custom_margin_last_edited=&#8221;on|desktop&#8221; custom_padding=&#8221;67px||47px||false|false&#8221; transform_scale__hover=&#8221;100%|100%&#8221;]<\/p>\n<p style=\"text-align: left;\">Kontakt<\/p>\n<p>[\/et_pb_text][et_pb_blurb url=&#8221;https:\/\/www.tpa-legal.pl\/index.php\/zygmunt-tylicki\/&#8221; image=&#8221;https:\/\/www.tpa-legal.pl\/wp-content\/uploads\/2019\/12\/profilowe-do-KONTAKTU-Zygmunt_Easy-Resize.com_.jpg&#8221; image_max_width_phone=&#8221;100%&#8221; image_max_width_last_edited=&#8221;on|phone&#8221; _builder_version=&#8221;3.26.5&#8243; header_font=&#8221;Open Sans|700|||||||&#8221; header_text_align=&#8221;left&#8221; header_text_color=&#8221;#D2ab5f&#8221; body_text_color=&#8221;#d2ab5f&#8221; width=&#8221;75%&#8221; min_height=&#8221;274px&#8221; custom_margin=&#8221;-14px||75px|0px|false|false&#8221; custom_margin_phone=&#8221;-14px||75px||false|false&#8221; custom_margin_last_edited=&#8221;on|desktop&#8221; custom_padding=&#8221;|||0px|false|false&#8221; custom_padding_phone=&#8221;|||0px|false|false&#8221; custom_padding_last_edited=&#8221;on|desktop&#8221; link_option_url=&#8221;https:\/\/www.tpa-legal.pl\/index.php\/zygmunt-tylicki\/&#8221; module_alignment_phone=&#8221;center&#8221; module_alignment_last_edited=&#8221;on|phone&#8221; global_module=&#8221;210940&#8243; saved_tabs=&#8221;all&#8221;]<\/p>\n<p style=\"text-align: left; font-size: 18px; font-weight: bold;\"><a href=\"https:\/\/www.tpa-legal.pl\/index.php\/zygmunt-tylicki\/\" class=\"k-link\">Zygmunt Tylicki<\/a><br \/> <span style=\"font-size: 14px; font-weight: normal;\">Adwokat<\/span><\/p>\n<p style=\"text-align: left;\">+48 609 471 622<br \/> <a href=\"mailto:zygmunt.tylicki@tpa-legal.pl\" target=\"_blank\" rel=\"noopener noreferrer\" class=\"k-link\">zygmunt.tylicki@tpa-legal.pl<\/a><\/p>\n<p>[\/et_pb_blurb][et_pb_blurb url=&#8221;https:\/\/www.tpa-legal.pl\/index.php\/mateusz-plachta\/&#8221; image=&#8221;https:\/\/www.tpa-legal.pl\/wp-content\/uploads\/2019\/12\/profilowe-do-KONTAKTU-Mateusz_Easy-Resize.com-1.jpg&#8221; image_max_width_phone=&#8221;100%&#8221; image_max_width_last_edited=&#8221;on|desktop&#8221; _builder_version=&#8221;3.26.5&#8243; header_font=&#8221;Open Sans|700|||||||&#8221; header_text_align=&#8221;left&#8221; header_text_color=&#8221;#D2AB5F&#8221; body_font=&#8221;Open Sans||||||||&#8221; body_text_color=&#8221;#D2AB5F&#8221; width=&#8221;75%&#8221; custom_margin=&#8221;|||0px|false|false&#8221; custom_margin_last_edited=&#8221;on|phone&#8221; custom_padding_last_edited=&#8221;on|desktop&#8221; link_option_url=&#8221;https:\/\/www.tpa-legal.pl\/index.php\/mateusz-plachta\/&#8221; module_alignment_phone=&#8221;center&#8221; module_alignment_last_edited=&#8221;on|phone&#8221; global_module=&#8221;210939&#8243; saved_tabs=&#8221;all&#8221;]<\/p>\n<p style=\"text-align: left; font-size: 18px; font-weight: bold;\"><a href=\"https:\/\/www.tpa-legal.pl\/index.php\/mateusz-plachta\/\" class=\"k-link\">Mateusz Plachta<\/a><br \/> <span style=\"font-size: 14px; font-weight: normal;\">Adwokat<\/span><\/p>\n<p style=\"text-align: left;\">+48 664 993 785<br \/> <a href=\"mailto:mateusz.plachta@tpa-legal.pl\" target=\"_blank\" rel=\"noopener noreferrer\" class=\"k-link\">mateusz.plachta@tpa-legal.pl<\/a><\/p>\n<p>[\/et_pb_blurb][\/et_pb_column][\/et_pb_row][\/et_pb_section][et_pb_section fb_built=&#8221;1&#8243; custom_padding_last_edited=&#8221;on|desktop&#8221; _builder_version=&#8221;3.26.5&#8243; background_color=&#8221;#2D3D31&#8243; background_enable_color=&#8221;off&#8221; background_image=&#8221;https:\/\/www.tpa-legal.pl\/wp-content\/uploads\/2020\/02\/Projekt-bez-tytu\u0142u-3.png&#8221; background_enable_image=&#8221;off&#8221; custom_padding=&#8221;7px||7px||false|false&#8221; custom_padding_phone=&#8221;||7px||false|false&#8221; global_module=&#8221;211157&#8243;][et_pb_row column_structure=&#8221;1_4,1_4,1_4,1_4&#8243; use_custom_gutter=&#8221;on&#8221; gutter_width=&#8221;1&#8243; custom_padding=&#8221;23px||0px||false|false&#8221; custom_margin=&#8221;42px|auto||auto|false|false&#8221; _builder_version=&#8221;3.26.5&#8243; width=&#8221;90%&#8221; max_width=&#8221;2560px&#8221;][et_pb_column type=&#8221;1_4&#8243; _builder_version=&#8221;3.26.5&#8243;][et_pb_image src=&#8221;https:\/\/www.tpa-legal.pl\/wp-content\/uploads\/2020\/02\/LOGO_PLACHTA_Bia\u0142e_BezT\u0141A_.png&#8221; url=&#8221;https:\/\/www.tpa-legal.pl\/&#8221; align_phone=&#8221;center&#8221; align_last_edited=&#8221;on|phone&#8221; _builder_version=&#8221;3.26.5&#8243; width=&#8221;60%&#8221; width_phone=&#8221;50%&#8221; width_last_edited=&#8221;on|desktop&#8221; max_width=&#8221;60%&#8221; max_width_phone=&#8221;50%&#8221; max_width_last_edited=&#8221;on|desktop&#8221; max_height=&#8221;100px&#8221; max_height_phone=&#8221;100px&#8221; max_height_last_edited=&#8221;on|phone&#8221; custom_margin=&#8221;0px|||20px|false|false&#8221; custom_margin_phone=&#8221;-20px||20px|110px|false|false&#8221; custom_margin_last_edited=&#8221;on|desktop&#8221; custom_padding=&#8221;0px||1px|0px|false|false&#8221; module_alignment_last_edited=&#8221;on|phone&#8221;][\/et_pb_image][\/et_pb_column][et_pb_column type=&#8221;1_4&#8243; _builder_version=&#8221;3.26.5&#8243;][et_pb_text module_class=&#8221;%22p-link%22&#8243; _builder_version=&#8221;3.26.5&#8243; text_font=&#8221;Open Sans|300|||||||&#8221; text_text_align=&#8221;left&#8221; text_font_size=&#8221;14px&#8221; text_line_height=&#8221;2em&#8221; header_font_size=&#8221;27px&#8221; text_orientation=&#8221;center&#8221; custom_margin=&#8221;0px||25px|30px|false|false&#8221; custom_margin_phone=&#8221;25px|||0px|false|false&#8221; custom_margin_last_edited=&#8221;on|phone&#8221; custom_padding=&#8221;0px||0px||true|false&#8221; text_text_align_tablet=&#8221;center&#8221; text_text_align_last_edited=&#8221;on|phone&#8221; text_line_height_last_edited=&#8221;on|desktop&#8221; transform_scale__hover=&#8221;100%|100%&#8221;]<\/p>\n<h4><span style=\"color: #ffffff;\"><strong>Kancelaria<\/strong> :<\/span><\/h4>\n<p><span style=\"color: #ffffff;\"><a href=\"https:\/\/www.tpa-legal.pl\/index.php\/o-kancelarii\/\" class=\"p-link\">O Nas<\/a><\/span><br \/> <span style=\"color: #ffffff;\"> <a href=\"https:\/\/www.tpa-legal.pl\/index.php\/zespol\/\" class=\"p-link\">Prawnicy<\/a><\/span><br \/> <span style=\"color: #ffffff;\"> <a href=\"https:\/\/www.tpa-legal.pl\/index.php\/oferta\/\" class=\"p-link\">Co robimy<\/a><\/span><br \/> <span style=\"color: #ffffff;\"> <a href=\"https:\/\/www.tpa-legal.pl\/index.php\/wspolpraca\/\" class=\"p-link\">Wsp\u00f3\u0142praca<\/a><\/span><\/p>\n<p>[\/et_pb_text][\/et_pb_column][et_pb_column type=&#8221;1_4&#8243; _builder_version=&#8221;3.26.5&#8243;][et_pb_text _builder_version=&#8221;3.26.5&#8243; text_font=&#8221;Open Sans|300|||||||&#8221; text_text_align=&#8221;left&#8221; text_font_size=&#8221;14px&#8221; text_line_height=&#8221;2em&#8221; custom_margin=&#8221;||25px|30px|false|false&#8221; custom_margin_phone=&#8221;|||0px|false|false&#8221; custom_margin_last_edited=&#8221;on|desktop&#8221; custom_padding=&#8221;0px|0px|0px|0px|false|false&#8221; text_text_align_tablet=&#8221;left&#8221; text_text_align_phone=&#8221;center&#8221; text_text_align_last_edited=&#8221;on|desktop&#8221; text_line_height_last_edited=&#8221;on|desktop&#8221; transform_scale__hover=&#8221;100%|100%&#8221;]<\/p>\n<h4><strong><span style=\"color: #ffffff;\">Kontakt :<\/span><\/strong><\/h4>\n<p><span style=\"color: #ffffff;\"><a href=\"https:\/\/www.tpa-legal.pl\/index.php\/kontakt\/\" class=\"p-link\">Nasze biuro<br \/> <\/a><\/span><span style=\"color: #ffffff;\"><a href=\"https:\/\/www.tpa-legal.pl\/index.php\/cookies\/\" class=\"p-link\">Cookies<br \/> <\/a><a href=\"https:\/\/www.tpa-legal.pl\/index.php\/nota-prawna-i-polityka-prywatnosci\/\" class=\"p-link\">Nota prawna i Polityka prywatno\u015bci<br \/> <\/a><a href=\"https:\/\/www.tpa-legal.pl\/index.php\/ogolne-warunki-i-zasady\/\" class=\"p-link\">Og\u00f3lne warunki i zasady<\/a><\/span><\/p>\n<p>[\/et_pb_text][\/et_pb_column][et_pb_column type=&#8221;1_4&#8243; _builder_version=&#8221;3.26.5&#8243;][et_pb_image src=&#8221;https:\/\/www.tpa-legal.pl\/wp-content\/uploads\/2020\/02\/linkedin.png&#8221; url=&#8221;https:\/\/pl.linkedin.com\/in\/zygmunttylicki&#8221; url_new_window=&#8221;on&#8221; align=&#8221;right&#8221; _builder_version=&#8221;3.26.5&#8243; width=&#8221;9%&#8221; custom_margin=&#8221;-9px||0px|260px|false|false&#8221; custom_margin_phone=&#8221;30px|||240px|false|false&#8221; custom_margin_last_edited=&#8221;on|desktop&#8221; custom_padding=&#8221;0px||||false|false&#8221; transform_styles__hover_enabled=&#8221;on&#8221; transform_scale__hover_enabled=&#8221;on&#8221; transform_translate__hover_enabled=&#8221;on&#8221; transform_rotate__hover_enabled=&#8221;on&#8221; transform_skew__hover_enabled=&#8221;on&#8221; transform_origin__hover_enabled=&#8221;on&#8221; transform_scale__hover=&#8221;125%|125%&#8221;][\/et_pb_image][et_pb_text _builder_version=&#8221;3.26.5&#8243; text_font=&#8221;Open Sans|300|||||||&#8221; text_text_align=&#8221;left&#8221; text_font_size=&#8221;14px&#8221; text_line_height=&#8221;1.5em&#8221; width=&#8221;40%&#8221; custom_margin=&#8221;-18px||25px|132px|false|false&#8221; custom_margin_phone=&#8221;-18px||0px|120px|false|false&#8221; custom_margin_last_edited=&#8221;on|desktop&#8221; custom_padding=&#8221;0px|0px|0px|0px|false|false&#8221; link_option_url=&#8221;https:\/\/pl.linkedin.com\/in\/zygmunttylicki&#8221; transform_scale__hover=&#8221;100%|100%&#8221;]<\/p>\n<h4><strong><span style=\"color: #ffffff;\">Znajd\u017a nas :\u00a0<\/span><\/strong><\/h4>\n<p>&nbsp;<\/p>\n<p>[\/et_pb_text][\/et_pb_column][\/et_pb_row][et_pb_row column_structure=&#8221;1_3,1_3,1_3&#8243; custom_padding=&#8221;||0px||false|false&#8221; custom_margin=&#8221;|auto|2px|auto|false|false&#8221; _builder_version=&#8221;3.26.5&#8243; width=&#8221;95%&#8221; max_width=&#8221;2560px&#8221;][et_pb_column type=&#8221;1_3&#8243; _builder_version=&#8221;3.26.5&#8243;][\/et_pb_column][et_pb_column type=&#8221;1_3&#8243; _builder_version=&#8221;3.26.5&#8243;][et_pb_text _builder_version=&#8221;3.26.5&#8243; text_text_color=&#8221;#757575&#8243; text_font_size=&#8221;15px&#8221; header_text_color=&#8221;#757575&#8243; custom_margin=&#8221;-2px|-150px|50px|-150px|false|false&#8221; custom_margin_phone=&#8221;-80px|0px|-30px|0px|false|false&#8221; custom_margin_last_edited=&#8221;on|phone&#8221; custom_padding=&#8221;60px||0px|0px|false|false&#8221; text_text_align_phone=&#8221;center&#8221; text_text_align_last_edited=&#8221;on|desktop&#8221; text_orientation_last_edited=&#8221;on|phone&#8221; transform_scale__hover=&#8221;100%|100%&#8221;]<\/p>\n<p>\u00a9 2020 Tylicki P\u0142achta Adwokaci |\u00a0<a href=\"https:\/\/www.tpa-legal.pl\/index.php\/cookies\/\" class=\"s-link\">Cookies<\/a> | <a href=\"https:\/\/www.tpa-legal.pl\/index.php\/nota-prawna-i-polityka-prywatnosci\/\" class=\"s-link\">Nota prawna i Polityka prywatno\u015bci\u00a0<\/a><\/p>\n<p>[\/et_pb_text][\/et_pb_column][et_pb_column type=&#8221;1_3&#8243; _builder_version=&#8221;3.26.5&#8243; custom_padding=&#8221;|||0px|false|false&#8221;][\/et_pb_column][\/et_pb_row][\/et_pb_section]<\/p>\n","protected":false},"excerpt":{"rendered":"<p>[et_pb_section fb_built=&#8221;1&#8243; _builder_version=&#8221;3.26.5&#8243; custom_padding=&#8221;10px||0px|||&#8221;][et_pb_row _builder_version=&#8221;3.26.5&#8243;][et_pb_column type=&#8221;4_4&#8243; _builder_version=&#8221;3.26.5&#8243;][et_pb_text _builder_version=&#8221;3.26.5&#8243; text_font=&#8221;Playfair Display||||||||&#8221; text_text_color=&#8221;#2d3d31&#8243; text_font_size=&#8221;40px&#8221; text_line_height=&#8221;1.4em&#8221; custom_margin=&#8221;30px||0px||false|false&#8221; custom_padding=&#8221;0px||0px||false|false&#8221; transform_scale__hover=&#8221;100%|100%&#8221;] Nieruchomo\u015bci [\/et_pb_text][et_pb_divider color=&#8221;#D2AB5F &#8221; divider_position=&#8221;center&#8221; divider_weight=&#8221;3px&#8221; _builder_version=&#8221;3.26.5&#8243; max_width=&#8221;70px&#8221; module_alignment=&#8221;center&#8221; custom_margin=&#8221;5px||||false|false&#8221; animation_style=&#8221;slide&#8221; animation_direction=&#8221;top&#8221; animation_intensity_slide=&#8221;10%&#8221; animation_starting_opacity=&#8221;100%&#8221;][\/et_pb_divider][\/et_pb_column][\/et_pb_row][\/et_pb_section][et_pb_section fb_built=&#8221;1&#8243; _builder_version=&#8221;3.26.5&#8243; custom_padding=&#8221;9px|||||&#8221;][et_pb_row column_structure=&#8221;1_5,3_5,1_5&#8243; custom_padding=&#8221;|||0px|false|false&#8221; custom_margin=&#8221;-23px|auto||50px|false|false&#8221; _builder_version=&#8221;3.26.5&#8243; width=&#8221;90%&#8221; max_width=&#8221;2560px&#8221; module_alignment=&#8221;center&#8221;][et_pb_column type=&#8221;1_5&#8243; _builder_version=&#8221;3.26.5&#8243;][et_pb_image src=&#8221;https:\/\/www.tpa-legal.pl\/wp-content\/uploads\/2019\/12\/Key.png&#8221; _builder_version=&#8221;3.26.5&#8243; width=&#8221;100%&#8221; custom_margin=&#8221;84px|||0px|false|false&#8221; custom_margin_phone=&#8221;50px||30px||false|false&#8221; custom_margin_last_edited=&#8221;on|phone&#8221; custom_padding=&#8221;0px||||false|false&#8221;][\/et_pb_image][\/et_pb_column][et_pb_column type=&#8221;3_5&#8243; _builder_version=&#8221;3.26.5&#8243;][et_pb_text _builder_version=&#8221;3.26.5&#8243; text_text_align=&#8221;left&#8221; text_text_color=&#8221;#000000&#8243; text_font_size=&#8221;25px&#8221; [&hellip;]<\/p>\n","protected":false},"author":1,"featured_media":0,"parent":0,"menu_order":0,"comment_status":"closed","ping_status":"closed","template":"","meta":{"_et_pb_use_builder":"on","_et_pb_old_content":"<!-- wp:divi\/placeholder \/-->","footnotes":""},"class_list":["post-210903","page","type-page","status-publish","hentry"],"_links":{"self":[{"href":"https:\/\/www.tpa-legal.pl\/index.php\/wp-json\/wp\/v2\/pages\/210903","targetHints":{"allow":["GET"]}}],"collection":[{"href":"https:\/\/www.tpa-legal.pl\/index.php\/wp-json\/wp\/v2\/pages"}],"about":[{"href":"https:\/\/www.tpa-legal.pl\/index.php\/wp-json\/wp\/v2\/types\/page"}],"author":[{"embeddable":true,"href":"https:\/\/www.tpa-legal.pl\/index.php\/wp-json\/wp\/v2\/users\/1"}],"replies":[{"embeddable":true,"href":"https:\/\/www.tpa-legal.pl\/index.php\/wp-json\/wp\/v2\/comments?post=210903"}],"version-history":[{"count":13,"href":"https:\/\/www.tpa-legal.pl\/index.php\/wp-json\/wp\/v2\/pages\/210903\/revisions"}],"predecessor-version":[{"id":212388,"href":"https:\/\/www.tpa-legal.pl\/index.php\/wp-json\/wp\/v2\/pages\/210903\/revisions\/212388"}],"wp:attachment":[{"href":"https:\/\/www.tpa-legal.pl\/index.php\/wp-json\/wp\/v2\/media?parent=210903"}],"curies":[{"name":"wp","href":"https:\/\/api.w.org\/{rel}","templated":true}]}}