{"id":8,"date":"2019-08-07T11:16:29","date_gmt":"2019-08-07T11:16:29","guid":{"rendered":"https:\/\/www.tpa-legal.pl\/?page_id=8"},"modified":"2020-02-17T16:52:44","modified_gmt":"2020-02-17T16:52:44","slug":"kontakt","status":"publish","type":"page","link":"https:\/\/www.tpa-legal.pl\/index.php\/kontakt\/","title":{"rendered":"Kontakt"},"content":{"rendered":"<p>[et_pb_section fb_built=&#8221;1&#8243; admin_label=&#8221;Page Title Section&#8221; _builder_version=&#8221;3.26.5&#8243; use_background_color_gradient=&#8221;on&#8221; background_color_gradient_start=&#8221;#313e47&#8243; background_color_gradient_end=&#8221;rgba(49,62,71,0.5)&#8221; background_color_gradient_overlays_image=&#8221;on&#8221; background_image=&#8221;https:\/\/www.tpa-legal.pl\/wp-content\/uploads\/2020\/01\/PODSTRONA-GRAFIKA_4.jpg&#8221; custom_padding=&#8221;2px||0px|||&#8221;][et_pb_row custom_margin=&#8221;|480px||auto||&#8221; admin_label=&#8221;Page Title Area&#8221; _builder_version=&#8221;3.25&#8243; background_size=&#8221;initial&#8221; background_position=&#8221;top_left&#8221; background_repeat=&#8221;repeat&#8221;][et_pb_column type=&#8221;4_4&#8243; _builder_version=&#8221;3.25&#8243; custom_padding=&#8221;|||&#8221; custom_padding__hover=&#8221;|||&#8221;][et_pb_text admin_label=&#8221;Page Title&#8221; _builder_version=&#8221;3.26.5&#8243; text_font=&#8221;Playfair Display|600|||||||&#8221; text_text_color=&#8221;#D2AB5F&#8221; text_font_size=&#8221;34px&#8221; text_line_height=&#8221;2em&#8221; link_font=&#8221;||||||||&#8221; ul_font=&#8221;||||||||&#8221; ol_font=&#8221;||||||||&#8221; quote_font=&#8221;||||||||&#8221; header_font=&#8221;Prata||||||||&#8221; header_font_size=&#8221;60px&#8221; header_line_height=&#8221;1.6em&#8221; header_2_font=&#8221;||||||||&#8221; header_3_font=&#8221;||||||||&#8221; header_4_font=&#8221;||||||||&#8221; header_5_font=&#8221;||||||||&#8221; header_6_font=&#8221;||||||||&#8221; text_orientation=&#8221;center&#8221; background_layout=&#8221;dark&#8221; max_width=&#8221;700px&#8221; module_alignment=&#8221;center&#8221; custom_margin=&#8221;|||&#8221; custom_padding_phone=&#8221;|||50px|false|false&#8221; custom_padding_last_edited=&#8221;on|desktop&#8221; header_font_size_tablet=&#8221;40px&#8221; header_font_size_last_edited=&#8221;on|tablet&#8221;]<\/p>\n<p style=\"text-align: left;\">Kontakt<\/p>\n<p>[\/et_pb_text][\/et_pb_column][\/et_pb_row][\/et_pb_section][et_pb_section fb_built=&#8221;1&#8243; _builder_version=&#8221;3.26.5&#8243;][et_pb_row column_structure=&#8221;1_3,1_3,1_3&#8243; custom_margin=&#8221;|-59px||217px||&#8221; make_equal=&#8221;on&#8221; admin_label=&#8221;Get In Touch Area&#8221; _builder_version=&#8221;3.26.5&#8243; module_alignment=&#8221;center&#8221; module_alignment_tablet=&#8221;center&#8221; module_alignment_phone=&#8221;center&#8221; module_alignment_last_edited=&#8221;on|desktop&#8221;][et_pb_column type=&#8221;1_3&#8243; _builder_version=&#8221;3.25&#8243; custom_padding=&#8221;|||&#8221; custom_padding__hover=&#8221;|||&#8221;][et_pb_blurb title=&#8221;Adwokat Zygmunt Tylicki&#8221; image=&#8221;https:\/\/www.tpa-legal.pl\/wp-content\/uploads\/2019\/12\/profilowe-do-KONTAKTU-Zygmunt_Easy-Resize.com_.jpg&#8221; admin_label=&#8221;Email&#8221; _builder_version=&#8221;3.26.5&#8243; header_font=&#8221;Open Sans|600|||||||&#8221; header_text_color=&#8221;#2D3D31&#8243; header_font_size=&#8221;20px&#8221; header_line_height=&#8221;2em&#8221; body_font=&#8221;Open Sans||||||||&#8221; body_text_color=&#8221;#757575&#8243; body_font_size=&#8221;16px&#8221; body_line_height=&#8221;1em&#8221; background_color=&#8221;#ffffff&#8221; box_shadow_style=&#8221;preset2&#8243; box_shadow_horizontal=&#8221;0px&#8221; box_shadow_vertical=&#8221;10px&#8221; box_shadow_blur=&#8221;60px&#8221; box_shadow_color=&#8221;rgba(29,61,71,0.1)&#8221; text_orientation=&#8221;center&#8221; custom_padding=&#8221;0px||60px|||&#8221; animation_style=&#8221;zoom&#8221; animation_intensity_zoom=&#8221;2%&#8221; animation=&#8221;off&#8221; locked=&#8221;off&#8221;]<\/p>\n<p>+48 609 471 622<\/p>\n<p><a href=\"mailto:zygmunt.tylicki@tpa-legal.pl\" target=\"_blank\" rel=\"noopener noreferrer\" class=\"k-link\">zygmunt.tylicki@tpa-legal.pl<\/a><\/p>\n<p>[\/et_pb_blurb][\/et_pb_column][et_pb_column type=&#8221;1_3&#8243; _builder_version=&#8221;3.25&#8243; custom_padding=&#8221;|||&#8221; custom_padding__hover=&#8221;|||&#8221;][et_pb_blurb title=&#8221;Adwokat Mateusz P\u0142achta&#8221; image=&#8221;https:\/\/www.tpa-legal.pl\/wp-content\/uploads\/2019\/12\/profilowe-do-KONTAKTU-Mateusz_Easy-Resize.com-1.jpg&#8221; admin_label=&#8221;Email&#8221; _builder_version=&#8221;3.26.5&#8243; header_font=&#8221;Open Sans|600|||||||&#8221; header_text_color=&#8221;#2D3D31&#8243; header_font_size=&#8221;20px&#8221; header_line_height=&#8221;2em&#8221; body_font=&#8221;Open Sans||||||||&#8221; body_text_color=&#8221;#757575&#8243; body_font_size=&#8221;16px&#8221; body_line_height=&#8221;1em&#8221; background_color=&#8221;#ffffff&#8221; box_shadow_style=&#8221;preset2&#8243; box_shadow_horizontal=&#8221;0px&#8221; box_shadow_vertical=&#8221;10px&#8221; box_shadow_blur=&#8221;60px&#8221; box_shadow_color=&#8221;rgba(29,61,71,0.1)&#8221; text_orientation=&#8221;center&#8221; custom_padding=&#8221;0px||60px|||&#8221; animation_style=&#8221;zoom&#8221; animation_intensity_zoom=&#8221;2%&#8221; animation=&#8221;off&#8221; locked=&#8221;off&#8221;]<\/p>\n<p>+48 664 993 785<\/p>\n<p><a href=\"mailto:mateusz.plachta@tpa-legal.pl\" target=\"_blank\" rel=\"noopener noreferrer\" class=\"k-link\">mateusz.plachta@tpa-legal.pl<\/a><\/p>\n<p>[\/et_pb_blurb][\/et_pb_column][et_pb_column type=&#8221;1_3&#8243; _builder_version=&#8221;3.25&#8243; custom_padding=&#8221;|||&#8221; custom_padding__hover=&#8221;|||&#8221;][et_pb_image src=&#8221;https:\/\/www.tpa-legal.pl\/wp-content\/uploads\/2020\/02\/Symbol_PT4.png&#8221; _builder_version=&#8221;3.26.5&#8243; width=&#8221;66%&#8221; module_alignment=&#8221;center&#8221;][\/et_pb_image][et_pb_blurb title=&#8221;Dane Adresowe&#8221; admin_label=&#8221;Address&#8221; _builder_version=&#8221;3.26.5&#8243; header_font=&#8221;Open Sans|600|||||||&#8221; header_text_color=&#8221;#2D3D31&#8243; header_font_size=&#8221;20px&#8221; header_line_height=&#8221;2em&#8221; body_font=&#8221;||||||||&#8221; body_text_color=&#8221;#757575&#8243; body_font_size=&#8221;16px&#8221; body_line_height=&#8221;1em&#8221; background_color=&#8221;#ffffff&#8221; box_shadow_style=&#8221;preset2&#8243; box_shadow_horizontal=&#8221;0px&#8221; box_shadow_vertical=&#8221;10px&#8221; box_shadow_blur=&#8221;60px&#8221; box_shadow_color=&#8221;rgba(29,61,71,0.1)&#8221; text_orientation=&#8221;center&#8221; custom_padding=&#8221;46px||60px|||&#8221; animation_style=&#8221;zoom&#8221; animation_intensity_zoom=&#8221;2%&#8221; animation=&#8221;off&#8221; locked=&#8221;off&#8221;]<\/p>\n<p><span style=\"font-weight: 400;\">Tylicki P\u0142achta Adwokaci<br \/> <\/span><span style=\"font-size: 16px;\"><br \/>ul. Targ Drzewny 3\/7<br \/> <\/span><span style=\"font-size: 16px;\"><br \/> 80-886 Gda\u0144sk<\/span><\/p>\n<p><span style=\"font-size: 16px;\"><a href=\"mailto:office@tpa-legal.pl\" target=\"_blank\" rel=\"noopener noreferrer\" class=\"k-link\">office@tpa-legal.pl<\/a><\/span><\/p>\n<p>[\/et_pb_blurb][\/et_pb_column][\/et_pb_row][et_pb_row custom_padding=&#8221;0px||0px|||&#8221; custom_margin=&#8221;50px||||false|false&#8221; _builder_version=&#8221;3.26.5&#8243; custom_margin_phone=&#8221;0px||||false|false&#8221; custom_margin_last_edited=&#8221;on|desktop&#8221;][et_pb_column type=&#8221;4_4&#8243; _builder_version=&#8221;3.26.5&#8243;][et_pb_image src=&#8221;https:\/\/www.tpa-legal.pl\/wp-content\/uploads\/2020\/02\/MAPKA-podstrona-kontakt.png&#8221; url=&#8221;https:\/\/g.page\/adwokat_Zygmunt_Tylicki?share&#8221; url_new_window=&#8221;on&#8221; align=&#8221;center&#8221; align_last_edited=&#8221;on|desktop&#8221; _builder_version=&#8221;3.26.5&#8243; transform_scale_phone=&#8221;275%|275%&#8221; transform_scale_last_edited=&#8221;on|phone&#8221; transform_translate_last_edited=&#8221;on|phone&#8221; transform_rotate_last_edited=&#8221;on|desktop&#8221; transform_skew_last_edited=&#8221;on|desktop&#8221; transform_origin_last_edited=&#8221;on|desktop&#8221; transform_styles_last_edited=&#8221;on|phone&#8221; width_last_edited=&#8221;on|phone&#8221; max_width_last_edited=&#8221;on|desktop&#8221; min_height_last_edited=&#8221;on|desktop&#8221; height_last_edited=&#8221;on|desktop&#8221; max_height_last_edited=&#8221;on|desktop&#8221; custom_margin_phone=&#8221;180px||200px||false|false&#8221; custom_margin_last_edited=&#8221;on|desktop&#8221; custom_padding_phone=&#8221;|0px||0px|false|false&#8221; custom_padding_last_edited=&#8221;on|desktop&#8221;][\/et_pb_image][et_pb_text _builder_version=&#8221;3.26.5&#8243; text_font=&#8221;Open Sans|600|||||||&#8221; text_text_align=&#8221;justify&#8221; text_text_color=&#8221;#2D3D31&#8243; text_font_size=&#8221;20px&#8221; text_line_height=&#8221;1.6em&#8221; background_color=&#8221;#D2AB5F&#8221; border_width_all=&#8221;4px&#8221; border_color_all=&#8221;rgba(119,119,119,0.59)&#8221; width=&#8221;42%&#8221; width_phone=&#8221;82%&#8221; width_last_edited=&#8221;on|desktop&#8221; max_width=&#8221;42%&#8221; max_width_phone=&#8221;82%&#8221; max_width_last_edited=&#8221;on|phone&#8221; min_height=&#8221;275px&#8221; height=&#8221;275px&#8221; max_height=&#8221;275px&#8221; custom_margin=&#8221;-117px||75px|670px|false|false&#8221; custom_margin_phone=&#8221;40px||75px|115px|false|false&#8221; custom_margin_last_edited=&#8221;on|desktop&#8221; custom_padding=&#8221;40px|52px|30px|52px|false|true&#8221; custom_padding_phone=&#8221;50px|30px|30px|30px|false|true&#8221; custom_padding_last_edited=&#8221;on|phone&#8221; text_font_size_phone=&#8221;15px&#8221; text_font_size_last_edited=&#8221;on|desktop&#8221; module_alignment_phone=&#8221;center&#8221; module_alignment_last_edited=&#8221;on|phone&#8221; transform_scale__hover=&#8221;100%|100%&#8221; transform_styles__hover_enabled=&#8221;on&#8221; transform_scale__hover_enabled=&#8221;on&#8221; transform_translate__hover_enabled=&#8221;on&#8221; transform_rotate__hover_enabled=&#8221;on&#8221; transform_skew__hover_enabled=&#8221;on&#8221; transform_origin__hover_enabled=&#8221;on&#8221;]<\/p>\n<p>Zapraszamy do biura naszej kancelarii.<\/p>\n<p>Jeste\u015bmy na miejscu do Pa\u0144stwa dyspozycji po wcze\u015bniejszym um\u00f3wieniu spotkania.<\/p>\n<p>[\/et_pb_text][\/et_pb_column][\/et_pb_row][\/et_pb_section][et_pb_section fb_built=&#8221;1&#8243; custom_padding_last_edited=&#8221;on|desktop&#8221; _builder_version=&#8221;3.26.5&#8243; background_color=&#8221;#2D3D31&#8243; background_enable_color=&#8221;off&#8221; background_image=&#8221;https:\/\/www.tpa-legal.pl\/wp-content\/uploads\/2020\/02\/Projekt-bez-tytu\u0142u-3.png&#8221; background_enable_image=&#8221;off&#8221; custom_padding=&#8221;7px||7px||false|false&#8221; custom_padding_phone=&#8221;||7px||false|false&#8221; global_module=&#8221;211157&#8243;][et_pb_row column_structure=&#8221;1_4,1_4,1_4,1_4&#8243; use_custom_gutter=&#8221;on&#8221; gutter_width=&#8221;1&#8243; custom_padding=&#8221;23px||0px||false|false&#8221; custom_margin=&#8221;42px|auto||auto|false|false&#8221; _builder_version=&#8221;3.26.5&#8243; width=&#8221;90%&#8221; max_width=&#8221;2560px&#8221;][et_pb_column type=&#8221;1_4&#8243; _builder_version=&#8221;3.26.5&#8243;][et_pb_image src=&#8221;https:\/\/www.tpa-legal.pl\/wp-content\/uploads\/2020\/02\/LOGO_PLACHTA_Bia\u0142e_BezT\u0141A_.png&#8221; url=&#8221;https:\/\/www.tpa-legal.pl\/&#8221; align_phone=&#8221;center&#8221; align_last_edited=&#8221;on|phone&#8221; _builder_version=&#8221;3.26.5&#8243; width=&#8221;60%&#8221; width_phone=&#8221;50%&#8221; width_last_edited=&#8221;on|desktop&#8221; max_width=&#8221;60%&#8221; max_width_phone=&#8221;50%&#8221; max_width_last_edited=&#8221;on|desktop&#8221; max_height=&#8221;100px&#8221; max_height_phone=&#8221;100px&#8221; max_height_last_edited=&#8221;on|phone&#8221; custom_margin=&#8221;0px|||20px|false|false&#8221; custom_margin_phone=&#8221;-20px||20px|110px|false|false&#8221; custom_margin_last_edited=&#8221;on|desktop&#8221; custom_padding=&#8221;0px||1px|0px|false|false&#8221; module_alignment_last_edited=&#8221;on|phone&#8221;][\/et_pb_image][\/et_pb_column][et_pb_column type=&#8221;1_4&#8243; _builder_version=&#8221;3.26.5&#8243;][et_pb_text module_class=&#8221;%22p-link%22&#8243; _builder_version=&#8221;3.26.5&#8243; text_font=&#8221;Open Sans|300|||||||&#8221; text_text_align=&#8221;left&#8221; text_font_size=&#8221;14px&#8221; text_line_height=&#8221;2em&#8221; header_font_size=&#8221;27px&#8221; text_orientation=&#8221;center&#8221; custom_margin=&#8221;0px||25px|30px|false|false&#8221; custom_margin_phone=&#8221;25px|||0px|false|false&#8221; custom_margin_last_edited=&#8221;on|phone&#8221; custom_padding=&#8221;0px||0px||true|false&#8221; text_text_align_tablet=&#8221;center&#8221; text_text_align_last_edited=&#8221;on|phone&#8221; text_line_height_last_edited=&#8221;on|desktop&#8221; transform_scale__hover=&#8221;100%|100%&#8221;]<\/p>\n<h4><span style=\"color: #ffffff;\"><strong>Kancelaria<\/strong> :<\/span><\/h4>\n<p><span style=\"color: #ffffff;\"><a href=\"https:\/\/www.tpa-legal.pl\/index.php\/o-kancelarii\/\" class=\"p-link\">O Nas<\/a><\/span><br \/> <span style=\"color: #ffffff;\"> <a href=\"https:\/\/www.tpa-legal.pl\/index.php\/zespol\/\" class=\"p-link\">Prawnicy<\/a><\/span><br \/> <span style=\"color: #ffffff;\"> <a href=\"https:\/\/www.tpa-legal.pl\/index.php\/oferta\/\" class=\"p-link\">Co robimy<\/a><\/span><br \/> <span style=\"color: #ffffff;\"> <a href=\"https:\/\/www.tpa-legal.pl\/index.php\/wspolpraca\/\" class=\"p-link\">Wsp\u00f3\u0142praca<\/a><\/span><\/p>\n<p>[\/et_pb_text][\/et_pb_column][et_pb_column type=&#8221;1_4&#8243; _builder_version=&#8221;3.26.5&#8243;][et_pb_text _builder_version=&#8221;3.26.5&#8243; text_font=&#8221;Open Sans|300|||||||&#8221; text_text_align=&#8221;left&#8221; text_font_size=&#8221;14px&#8221; text_line_height=&#8221;2em&#8221; custom_margin=&#8221;||25px|30px|false|false&#8221; custom_margin_phone=&#8221;|||0px|false|false&#8221; custom_margin_last_edited=&#8221;on|desktop&#8221; custom_padding=&#8221;0px|0px|0px|0px|false|false&#8221; text_text_align_tablet=&#8221;left&#8221; text_text_align_phone=&#8221;center&#8221; text_text_align_last_edited=&#8221;on|desktop&#8221; text_line_height_last_edited=&#8221;on|desktop&#8221; transform_scale__hover=&#8221;100%|100%&#8221;]<\/p>\n<h4><strong><span style=\"color: #ffffff;\">Kontakt :<\/span><\/strong><\/h4>\n<p><span style=\"color: #ffffff;\"><a href=\"https:\/\/www.tpa-legal.pl\/index.php\/kontakt\/\" class=\"p-link\">Nasze biuro<br \/> <\/a><\/span><span style=\"color: #ffffff;\"><a href=\"https:\/\/www.tpa-legal.pl\/index.php\/cookies\/\" class=\"p-link\">Cookies<br \/> <\/a><a href=\"https:\/\/www.tpa-legal.pl\/index.php\/nota-prawna-i-polityka-prywatnosci\/\" class=\"p-link\">Nota prawna i Polityka prywatno\u015bci<br \/> <\/a><a href=\"https:\/\/www.tpa-legal.pl\/index.php\/ogolne-warunki-i-zasady\/\" class=\"p-link\">Og\u00f3lne warunki i zasady<\/a><\/span><\/p>\n<p>[\/et_pb_text][\/et_pb_column][et_pb_column type=&#8221;1_4&#8243; _builder_version=&#8221;3.26.5&#8243;][et_pb_image src=&#8221;https:\/\/www.tpa-legal.pl\/wp-content\/uploads\/2020\/02\/linkedin.png&#8221; url=&#8221;https:\/\/pl.linkedin.com\/in\/zygmunttylicki&#8221; url_new_window=&#8221;on&#8221; align=&#8221;right&#8221; _builder_version=&#8221;3.26.5&#8243; width=&#8221;9%&#8221; custom_margin=&#8221;-9px||0px|260px|false|false&#8221; custom_margin_phone=&#8221;30px|||240px|false|false&#8221; custom_margin_last_edited=&#8221;on|desktop&#8221; custom_padding=&#8221;0px||||false|false&#8221; transform_styles__hover_enabled=&#8221;on&#8221; transform_scale__hover_enabled=&#8221;on&#8221; transform_translate__hover_enabled=&#8221;on&#8221; transform_rotate__hover_enabled=&#8221;on&#8221; transform_skew__hover_enabled=&#8221;on&#8221; transform_origin__hover_enabled=&#8221;on&#8221; transform_scale__hover=&#8221;125%|125%&#8221;][\/et_pb_image][et_pb_text _builder_version=&#8221;3.26.5&#8243; text_font=&#8221;Open Sans|300|||||||&#8221; text_text_align=&#8221;left&#8221; text_font_size=&#8221;14px&#8221; text_line_height=&#8221;1.5em&#8221; width=&#8221;40%&#8221; custom_margin=&#8221;-18px||25px|132px|false|false&#8221; custom_margin_phone=&#8221;-18px||0px|120px|false|false&#8221; custom_margin_last_edited=&#8221;on|desktop&#8221; custom_padding=&#8221;0px|0px|0px|0px|false|false&#8221; link_option_url=&#8221;https:\/\/pl.linkedin.com\/in\/zygmunttylicki&#8221; transform_scale__hover=&#8221;100%|100%&#8221;]<\/p>\n<h4><strong><span style=\"color: #ffffff;\">Znajd\u017a nas :\u00a0<\/span><\/strong><\/h4>\n<p>&nbsp;<\/p>\n<p>[\/et_pb_text][\/et_pb_column][\/et_pb_row][et_pb_row column_structure=&#8221;1_3,1_3,1_3&#8243; custom_padding=&#8221;||0px||false|false&#8221; custom_margin=&#8221;|auto|2px|auto|false|false&#8221; _builder_version=&#8221;3.26.5&#8243; width=&#8221;95%&#8221; max_width=&#8221;2560px&#8221;][et_pb_column type=&#8221;1_3&#8243; _builder_version=&#8221;3.26.5&#8243;][\/et_pb_column][et_pb_column type=&#8221;1_3&#8243; _builder_version=&#8221;3.26.5&#8243;][et_pb_text _builder_version=&#8221;3.26.5&#8243; text_text_color=&#8221;#757575&#8243; text_font_size=&#8221;15px&#8221; header_text_color=&#8221;#757575&#8243; custom_margin=&#8221;-2px|-150px|50px|-150px|false|false&#8221; custom_margin_phone=&#8221;-80px|0px|-30px|0px|false|false&#8221; custom_margin_last_edited=&#8221;on|phone&#8221; custom_padding=&#8221;60px||0px|0px|false|false&#8221; text_text_align_phone=&#8221;center&#8221; text_text_align_last_edited=&#8221;on|desktop&#8221; text_orientation_last_edited=&#8221;on|phone&#8221; transform_scale__hover=&#8221;100%|100%&#8221;]<\/p>\n<p>\u00a9 2020 Tylicki P\u0142achta Adwokaci |\u00a0<a href=\"https:\/\/www.tpa-legal.pl\/index.php\/cookies\/\" class=\"s-link\">Cookies<\/a> | <a href=\"https:\/\/www.tpa-legal.pl\/index.php\/nota-prawna-i-polityka-prywatnosci\/\" class=\"s-link\">Nota prawna i Polityka prywatno\u015bci\u00a0<\/a><\/p>\n<p>[\/et_pb_text][\/et_pb_column][et_pb_column type=&#8221;1_3&#8243; _builder_version=&#8221;3.26.5&#8243; custom_padding=&#8221;|||0px|false|false&#8221;][\/et_pb_column][\/et_pb_row][\/et_pb_section]<\/p>\n","protected":false},"excerpt":{"rendered":"<p>[et_pb_section fb_built=&#8221;1&#8243; admin_label=&#8221;Page Title Section&#8221; _builder_version=&#8221;3.26.5&#8243; use_background_color_gradient=&#8221;on&#8221; background_color_gradient_start=&#8221;#313e47&#8243; background_color_gradient_end=&#8221;rgba(49,62,71,0.5)&#8221; background_color_gradient_overlays_image=&#8221;on&#8221; background_image=&#8221;https:\/\/www.tpa-legal.pl\/wp-content\/uploads\/2020\/01\/PODSTRONA-GRAFIKA_4.jpg&#8221; custom_padding=&#8221;2px||0px|||&#8221;][et_pb_row custom_margin=&#8221;|480px||auto||&#8221; admin_label=&#8221;Page Title Area&#8221; _builder_version=&#8221;3.25&#8243; background_size=&#8221;initial&#8221; background_position=&#8221;top_left&#8221; background_repeat=&#8221;repeat&#8221;][et_pb_column type=&#8221;4_4&#8243; _builder_version=&#8221;3.25&#8243; custom_padding=&#8221;|||&#8221; custom_padding__hover=&#8221;|||&#8221;][et_pb_text admin_label=&#8221;Page Title&#8221; _builder_version=&#8221;3.26.5&#8243; text_font=&#8221;Playfair Display|600|||||||&#8221; text_text_color=&#8221;#D2AB5F&#8221; text_font_size=&#8221;34px&#8221; text_line_height=&#8221;2em&#8221; link_font=&#8221;||||||||&#8221; ul_font=&#8221;||||||||&#8221; ol_font=&#8221;||||||||&#8221; quote_font=&#8221;||||||||&#8221; header_font=&#8221;Prata||||||||&#8221; header_font_size=&#8221;60px&#8221; header_line_height=&#8221;1.6em&#8221; header_2_font=&#8221;||||||||&#8221; header_3_font=&#8221;||||||||&#8221; header_4_font=&#8221;||||||||&#8221; header_5_font=&#8221;||||||||&#8221; header_6_font=&#8221;||||||||&#8221; text_orientation=&#8221;center&#8221; background_layout=&#8221;dark&#8221; max_width=&#8221;700px&#8221; module_alignment=&#8221;center&#8221; custom_margin=&#8221;|||&#8221; custom_padding_phone=&#8221;|||50px|false|false&#8221; custom_padding_last_edited=&#8221;on|desktop&#8221; header_font_size_tablet=&#8221;40px&#8221; header_font_size_last_edited=&#8221;on|tablet&#8221;] Kontakt [\/et_pb_text][\/et_pb_column][\/et_pb_row][\/et_pb_section][et_pb_section [&hellip;]<\/p>\n","protected":false},"author":1,"featured_media":0,"parent":0,"menu_order":0,"comment_status":"closed","ping_status":"closed","template":"","meta":{"_et_pb_use_builder":"on","_et_pb_old_content":"<!-- wp:divi\/placeholder \/-->","footnotes":""},"class_list":["post-8","page","type-page","status-publish","hentry"],"_links":{"self":[{"href":"https:\/\/www.tpa-legal.pl\/index.php\/wp-json\/wp\/v2\/pages\/8","targetHints":{"allow":["GET"]}}],"collection":[{"href":"https:\/\/www.tpa-legal.pl\/index.php\/wp-json\/wp\/v2\/pages"}],"about":[{"href":"https:\/\/www.tpa-legal.pl\/index.php\/wp-json\/wp\/v2\/types\/page"}],"author":[{"embeddable":true,"href":"https:\/\/www.tpa-legal.pl\/index.php\/wp-json\/wp\/v2\/users\/1"}],"replies":[{"embeddable":true,"href":"https:\/\/www.tpa-legal.pl\/index.php\/wp-json\/wp\/v2\/comments?post=8"}],"version-history":[{"count":53,"href":"https:\/\/www.tpa-legal.pl\/index.php\/wp-json\/wp\/v2\/pages\/8\/revisions"}],"predecessor-version":[{"id":212230,"href":"https:\/\/www.tpa-legal.pl\/index.php\/wp-json\/wp\/v2\/pages\/8\/revisions\/212230"}],"wp:attachment":[{"href":"https:\/\/www.tpa-legal.pl\/index.php\/wp-json\/wp\/v2\/media?parent=8"}],"curies":[{"name":"wp","href":"https:\/\/api.w.org\/{rel}","templated":true}]}}